{"id":2,"date":"2023-01-20T15:09:08","date_gmt":"2023-01-20T14:09:08","guid":{"rendered":"https:\/\/groupeanamorphose.local\/?page_id=2"},"modified":"2024-02-16T12:37:43","modified_gmt":"2024-02-16T11:37:43","slug":"page-d-exemple","status":"publish","type":"page","link":"https:\/\/2024.groupe-anamorphose.com\/?page_id=2","title":{"rendered":"Sauvage"},"content":{"rendered":"\n<p style=\"line-height:1.4\">A partir de 10 ans en tout public (repr\u00e9sentation scolaire possible \u00e0 partir du coll\u00e8ge : 6eme)<\/p>\n\n\n\n<p><\/p>\n\n\n\n<p style=\"line-height:1.4\">Th\u00e9\u00e2tre et grandes marionnettes<br>Un spectacle qui donne la parole aux animaux !<\/p>\n\n\n\n<p>Sauvage, c\u2019est l\u2019histoire d\u2019un oiseau migrateur qui cherche \u00e0 retrouver les siens,                                                                    Un voyage initiatique qui questionne notre rapport \u00e0 la biodiversit\u00e9<br>Un th\u00e9\u00e2tre d\u2019acteurs, de masques et de grandes marionnettes grandeur nature ou presque<br>Une fable \u00e9cologique<\/p>\n\n\n\n<p><\/p>\n\n\n\n<p><\/p>\n\n\n\n<figure class=\"wp-block-image\"><img loading=\"lazy\" decoding=\"async\" width=\"945\" height=\"709\" src=\"https:\/\/2024.groupe-anamorphose.com\/wp-content\/uploads\/2023\/09\/Dossier-Sauvage.jpg\" alt=\"\" class=\"wp-image-86\" srcset=\"https:\/\/2024.groupe-anamorphose.com\/wp-content\/uploads\/2023\/09\/Dossier-Sauvage.jpg 945w, https:\/\/2024.groupe-anamorphose.com\/wp-content\/uploads\/2023\/09\/Dossier-Sauvage-300x225.jpg 300w, https:\/\/2024.groupe-anamorphose.com\/wp-content\/uploads\/2023\/09\/Dossier-Sauvage-768x576.jpg 768w\" sizes=\"auto, (max-width: 945px) 100vw, 945px\" \/><\/figure>\n\n\n\n<h3 class=\"wp-block-heading\">L&rsquo;histoire&nbsp;<a href=\"http:\/\/www.groupe-anamorphose.com\/anam\/-Don-Quichotte-#\"><\/a><\/h3>\n\n\n\n<p style=\"line-height:1.5\">Un jeune faucon part avec les siens pour sa premi\u00e8re migration. Pris dans une temp\u00eate, il est s\u00e9par\u00e9 de son groupe, et passe tout le spectacle \u00e0 rechercher sa famille. Sa migration devenue errance le fait aller d\u2019un continent \u00e0 l\u2019autre. Il rencontre de grands animaux aupr\u00e8s de qui il cherche de l\u2019aide. Ceux-ci \u00e9chouent \u00e0 le guider, et lui apprennent l\u2019existence d\u2019une esp\u00e8ce bip\u00e9dique \u00e0 laquelle leur vie est li\u00e9e. Sur son chemin, l\u2019oiseau quitte et retrouve p\u00e9riodiquement un rat \u00e9chapp\u00e9 d\u2019un laboratoire qui devient son mentor, et dont il finit par se d\u00e9tacher. Il rencontre enfin une femelle de son esp\u00e8ce qui lui donne l\u2019\u00e9lan du retour.<\/p>\n\n\n\n<blockquote class=\"wp-block-quote is-layout-flow wp-block-quote-is-layout-flow\">\n<p style=\"font-size:14px;line-height:1.4\">Oui, je vais partir. Voir du pays, rencontrer plein d\u2019animaux, \u00e7a va \u00eatre formidable. Formidable. Ils d\u00e9collent&nbsp;! Attendez-moi&nbsp;!<\/p>\n<\/blockquote>\n\n\n\n<p><\/p>\n\n\n\n<p>On peut voir le parcours initiatique du faucon, et sa rencontre avec de grands animaux, comme deux modes dramaturgiques distincts. Or c\u2019est le r\u00e9cit des grands animaux qui initie l\u2019oiseau (et \u00e0 travers lui le spectateur, amen\u00e9 \u00e0 s\u2019identifier \u00e0 l\u2019oiseau perdu). Et c\u2019est la qu\u00eate de l\u2019oiseau qui nous donne l\u2019\u00e9lan pour aller d\u2019un grand animal \u00e0 l\u2019autre (et in fine nous donne une vue d\u2019ensemble de la relation hommes-animaux). Ces deux modalit\u00e9s dramaturgiques sont donc ici compl\u00e9mentaires, et elles sont trait\u00e9es esth\u00e9tiquement sur deux modes, eux aussi distincts et compl\u00e9mentaires.<\/p>\n\n\n\n<p style=\"line-height:1.4\">Quelques atouts<br>. un spectacle qui parle des humains du point de vue des animaux<br>. un texte riche en r\u00e9f\u00e9rences scientifiques qui aborde diff\u00e9rentes probl\u00e9matiques li\u00e9es \u00e0 l\u2019environnement (\u00e9levage intensif, r\u00e9chauffement climatique, d\u00e9forestation\u2026)<br>. une mise en jeu de marionnettes g\u00e9antes manipul\u00e9es \u00e0 vue par les acteurs<\/p>\n\n\n\n<figure class=\"wp-block-embed is-type-video is-provider-youtube wp-block-embed-youtube wp-embed-aspect-16-9 wp-has-aspect-ratio\"><div class=\"wp-block-embed__wrapper\">\n<iframe loading=\"lazy\" title=\"Teaser \/\/ Sauvage \/\/ Groupe Anamorphose (en salle)\" width=\"500\" height=\"281\" src=\"https:\/\/www.youtube.com\/embed\/lxoqeK_nEV8?feature=oembed\" frameborder=\"0\" allow=\"accelerometer; autoplay; clipboard-write; encrypted-media; gyroscope; picture-in-picture; web-share\" referrerpolicy=\"strict-origin-when-cross-origin\" allowfullscreen><\/iframe>\n<\/div><\/figure>\n\n\n\n<p><\/p>\n\n\n\n<p><\/p>\n\n\n<style type=\"text\/css\">.otter-masonry .blocks-gallery-grid .blocks-gallery-item img{ width:100% }<\/style><div class=\"otter-masonry\" data-margin=\"10\">\n<figure class=\"wp-block-gallery has-nested-images columns-default is-cropped wp-block-gallery-1 is-layout-flex wp-block-gallery-is-layout-flex\">\n<figure class=\"wp-block-image size-large\"><img loading=\"lazy\" decoding=\"async\" width=\"1024\" height=\"683\" data-id=\"9\" src=\"https:\/\/2024.groupe-anamorphose.com\/wp-content\/uploads\/2023\/01\/Pierre_PLANCHENAULT-envol_-_copie-1024x683.jpg\" alt=\"\" class=\"wp-image-9\" srcset=\"https:\/\/2024.groupe-anamorphose.com\/wp-content\/uploads\/2023\/01\/Pierre_PLANCHENAULT-envol_-_copie-1024x683.jpg 1024w, https:\/\/2024.groupe-anamorphose.com\/wp-content\/uploads\/2023\/01\/Pierre_PLANCHENAULT-envol_-_copie-300x200.jpg 300w, https:\/\/2024.groupe-anamorphose.com\/wp-content\/uploads\/2023\/01\/Pierre_PLANCHENAULT-envol_-_copie-768x512.jpg 768w, https:\/\/2024.groupe-anamorphose.com\/wp-content\/uploads\/2023\/01\/Pierre_PLANCHENAULT-envol_-_copie-1536x1024.jpg 1536w, https:\/\/2024.groupe-anamorphose.com\/wp-content\/uploads\/2023\/01\/Pierre_PLANCHENAULT-envol_-_copie-2048x1365.jpg 2048w\" sizes=\"auto, (max-width: 1024px) 100vw, 1024px\" \/><\/figure>\n<\/figure>\n<\/div>\n\n\n<h3 class=\"wp-block-heading\">L&rsquo;\u00e9quipe<\/h3>\n\n\n\n<p style=\"line-height:1.5\">Texte, conception \/ Laurent Rogero<\/p>\n\n\n\n<p style=\"line-height:1.5\">Jeu \/ Elise Servi\u00e8res &amp; Laurent Rogero<\/p>\n\n\n\n<p style=\"line-height:1.5\">Lumi\u00e8re, r\u00e9gie \/ St\u00e9phane Le Sauce<\/p>\n\n\n\n<h3 class=\"wp-block-heading\">Production<\/h3>\n\n\n\n<p style=\"line-height:1.5\">Groupe Anamorphose, OARA, IDDAC, L\u2019Odyss\u00e9e &#8211; sc\u00e8ne conventionn\u00e9e de P\u00e9rigueux, Th\u00e9\u00e2tre Georges Leygues \u00e0 Villeneuve-sur-Lot, Fonds d\u2019aide \u00e0 la cr\u00e9ation de Bordeaux, Th\u00e9\u00e2tre Ducourneau \u00e0 Agen, Cie Franche Connexion. <\/p>\n\n\n\n<p style=\"line-height:1.5\">R\u00e9sidences de travail \u00e0 L\u2019Espace Treulon \u00e0 Bruges et au Centre Simone Signoret \u00e0 Can\u00e9jan. <\/p>\n\n\n\n<h2 class=\"wp-block-heading\">En pratique<\/h2>\n\n\n\n<div class=\"wp-block-file\"><a id=\"wp-block-file--media-ff61b242-b6a5-4fe4-b580-35e2ad3c28b8\" href=\"https:\/\/2024.groupe-anamorphose.com\/wp-content\/uploads\/2023\/01\/DossierSauvage.pdf\">Le dossier de diffusion (pdf)<\/a><a href=\"https:\/\/2024.groupe-anamorphose.com\/wp-content\/uploads\/2023\/01\/DossierSauvage.pdf\" class=\"wp-block-file__button wp-element-button\" download aria-describedby=\"wp-block-file--media-ff61b242-b6a5-4fe4-b580-35e2ad3c28b8\">T\u00e9l\u00e9charger<\/a><\/div>\n\n\n\n<h3 class=\"wp-block-heading\">Conditions d&rsquo;accueil<\/h3>\n\n\n\n<p style=\"line-height:1.4\">Spectacle tout terrain<br>Dur\u00e9e : 1h<br>Public vis\u00e9<br>Tout public : d\u00e8s 10 ans<br>Scolaire : d\u00e8s la classe de 6\u00e8me (coll\u00e8ge &amp; lyc\u00e9e)<br>Jauge : Tout public : 200 | Scolaire : 150<br>Besoins techniques<br>Plateau : 8m x 6m x 3m10 (hauteur mini, 5m id\u00e9al)<br>Sc\u00e8ne ou gradin<br>2 possibilit\u00e9s : en salle avec r\u00e9gisseur, avec lumi\u00e8res et son, ou en ext\u00e9rieur version all\u00e9g\u00e9e sans r\u00e9gisseur<\/p>\n\n\n\n<p style=\"line-height:0\">cession en salle : 2000 \u20ac ++ frais de d\u00e9placement au d\u00e9part de Bordeaux et accueil de 3 personnes<\/p>\n\n\n\n<p style=\"line-height:0\">cession en ext\u00e9rieur : 1600 \u20ac ++ frais de d\u00e9placement au d\u00e9part de Bordeaux et accueil de 2 personnes<\/p>\n\n\n\n<p style=\"line-height:1.4\">Temps d\u2019installation<br>montage + pr\u00e9paration : 4h (avec pr\u00e9montage lumi\u00e8re+son)<\/p>\n\n\n\n<figure class=\"wp-block-gallery has-nested-images columns-default wp-block-gallery-2 is-layout-flex wp-block-gallery-is-layout-flex\">\n<figure data-wp-context=\"{&quot;imageId&quot;:&quot;69da7b8729fec&quot;}\" data-wp-interactive=\"core\/image\" data-wp-key=\"69da7b8729fec\" class=\"wp-block-image size-large wp-lightbox-container\"><img loading=\"lazy\" decoding=\"async\" width=\"1024\" height=\"768\" data-wp-class--hide=\"state.isContentHidden\" data-wp-class--show=\"state.isContentVisible\" data-wp-init=\"callbacks.setButtonStyles\" data-wp-on--click=\"actions.showLightbox\" data-wp-on--load=\"callbacks.setButtonStyles\" data-wp-on-window--resize=\"callbacks.setButtonStyles\" data-id=\"418\" src=\"https:\/\/2024.groupe-anamorphose.com\/wp-content\/uploads\/2024\/01\/rat-et-faucon\u00a9_Anamorphose-1024x768.jpeg\" alt=\"\" class=\"wp-image-418\" srcset=\"https:\/\/2024.groupe-anamorphose.com\/wp-content\/uploads\/2024\/01\/rat-et-faucon\u00a9_Anamorphose-1024x768.jpeg 1024w, https:\/\/2024.groupe-anamorphose.com\/wp-content\/uploads\/2024\/01\/rat-et-faucon\u00a9_Anamorphose-300x225.jpeg 300w, https:\/\/2024.groupe-anamorphose.com\/wp-content\/uploads\/2024\/01\/rat-et-faucon\u00a9_Anamorphose-768x576.jpeg 768w, https:\/\/2024.groupe-anamorphose.com\/wp-content\/uploads\/2024\/01\/rat-et-faucon\u00a9_Anamorphose-1536x1152.jpeg 1536w, https:\/\/2024.groupe-anamorphose.com\/wp-content\/uploads\/2024\/01\/rat-et-faucon\u00a9_Anamorphose-2048x1536.jpeg 2048w\" sizes=\"auto, (max-width: 1024px) 100vw, 1024px\" \/><button\n\t\t\tclass=\"lightbox-trigger\"\n\t\t\ttype=\"button\"\n\t\t\taria-haspopup=\"dialog\"\n\t\t\taria-label=\"Agrandir\"\n\t\t\tdata-wp-init=\"callbacks.initTriggerButton\"\n\t\t\tdata-wp-on--click=\"actions.showLightbox\"\n\t\t\tdata-wp-style--right=\"state.imageButtonRight\"\n\t\t\tdata-wp-style--top=\"state.imageButtonTop\"\n\t\t>\n\t\t\t<svg xmlns=\"http:\/\/www.w3.org\/2000\/svg\" width=\"12\" height=\"12\" fill=\"none\" viewBox=\"0 0 12 12\">\n\t\t\t\t<path fill=\"#fff\" d=\"M2 0a2 2 0 0 0-2 2v2h1.5V2a.5.5 0 0 1 .5-.5h2V0H2Zm2 10.5H2a.5.5 0 0 1-.5-.5V8H0v2a2 2 0 0 0 2 2h2v-1.5ZM8 12v-1.5h2a.5.5 0 0 0 .5-.5V8H12v2a2 2 0 0 1-2 2H8Zm2-12a2 2 0 0 1 2 2v2h-1.5V2a.5.5 0 0 0-.5-.5H8V0h2Z\" \/>\n\t\t\t<\/svg>\n\t\t<\/button><\/figure>\n\n\n\n<figure data-wp-context=\"{&quot;imageId&quot;:&quot;69da7b872a5cb&quot;}\" data-wp-interactive=\"core\/image\" data-wp-key=\"69da7b872a5cb\" class=\"wp-block-image size-large wp-lightbox-container\"><img loading=\"lazy\" decoding=\"async\" width=\"576\" height=\"1024\" data-wp-class--hide=\"state.isContentHidden\" data-wp-class--show=\"state.isContentVisible\" data-wp-init=\"callbacks.setButtonStyles\" data-wp-on--click=\"actions.showLightbox\" data-wp-on--load=\"callbacks.setButtonStyles\" data-wp-on-window--resize=\"callbacks.setButtonStyles\" data-id=\"417\" src=\"https:\/\/2024.groupe-anamorphose.com\/wp-content\/uploads\/2024\/01\/gorille\u00a9_Anamorphose-576x1024.jpeg\" alt=\"\" class=\"wp-image-417\" srcset=\"https:\/\/2024.groupe-anamorphose.com\/wp-content\/uploads\/2024\/01\/gorille\u00a9_Anamorphose-576x1024.jpeg 576w, https:\/\/2024.groupe-anamorphose.com\/wp-content\/uploads\/2024\/01\/gorille\u00a9_Anamorphose-169x300.jpeg 169w, https:\/\/2024.groupe-anamorphose.com\/wp-content\/uploads\/2024\/01\/gorille\u00a9_Anamorphose-768x1365.jpeg 768w, https:\/\/2024.groupe-anamorphose.com\/wp-content\/uploads\/2024\/01\/gorille\u00a9_Anamorphose-864x1536.jpeg 864w, https:\/\/2024.groupe-anamorphose.com\/wp-content\/uploads\/2024\/01\/gorille\u00a9_Anamorphose-1152x2048.jpeg 1152w, https:\/\/2024.groupe-anamorphose.com\/wp-content\/uploads\/2024\/01\/gorille\u00a9_Anamorphose-scaled.jpeg 1440w\" sizes=\"auto, (max-width: 576px) 100vw, 576px\" \/><button\n\t\t\tclass=\"lightbox-trigger\"\n\t\t\ttype=\"button\"\n\t\t\taria-haspopup=\"dialog\"\n\t\t\taria-label=\"Agrandir\"\n\t\t\tdata-wp-init=\"callbacks.initTriggerButton\"\n\t\t\tdata-wp-on--click=\"actions.showLightbox\"\n\t\t\tdata-wp-style--right=\"state.imageButtonRight\"\n\t\t\tdata-wp-style--top=\"state.imageButtonTop\"\n\t\t>\n\t\t\t<svg xmlns=\"http:\/\/www.w3.org\/2000\/svg\" width=\"12\" height=\"12\" fill=\"none\" viewBox=\"0 0 12 12\">\n\t\t\t\t<path fill=\"#fff\" d=\"M2 0a2 2 0 0 0-2 2v2h1.5V2a.5.5 0 0 1 .5-.5h2V0H2Zm2 10.5H2a.5.5 0 0 1-.5-.5V8H0v2a2 2 0 0 0 2 2h2v-1.5ZM8 12v-1.5h2a.5.5 0 0 0 .5-.5V8H12v2a2 2 0 0 1-2 2H8Zm2-12a2 2 0 0 1 2 2v2h-1.5V2a.5.5 0 0 0-.5-.5H8V0h2Z\" \/>\n\t\t\t<\/svg>\n\t\t<\/button><\/figure>\n\n\n\n<figure data-wp-context=\"{&quot;imageId&quot;:&quot;69da7b872ab74&quot;}\" data-wp-interactive=\"core\/image\" data-wp-key=\"69da7b872ab74\" class=\"wp-block-image size-large wp-lightbox-container\"><img loading=\"lazy\" decoding=\"async\" width=\"1024\" height=\"683\" data-wp-class--hide=\"state.isContentHidden\" data-wp-class--show=\"state.isContentVisible\" data-wp-init=\"callbacks.setButtonStyles\" data-wp-on--click=\"actions.showLightbox\" data-wp-on--load=\"callbacks.setButtonStyles\" data-wp-on-window--resize=\"callbacks.setButtonStyles\" data-id=\"419\" src=\"https:\/\/2024.groupe-anamorphose.com\/wp-content\/uploads\/2024\/01\/Chamelle\u00a9_Pierre_PLANCHENAULT-00344-1024x683.jpg\" alt=\"\" class=\"wp-image-419\" srcset=\"https:\/\/2024.groupe-anamorphose.com\/wp-content\/uploads\/2024\/01\/Chamelle\u00a9_Pierre_PLANCHENAULT-00344-1024x683.jpg 1024w, https:\/\/2024.groupe-anamorphose.com\/wp-content\/uploads\/2024\/01\/Chamelle\u00a9_Pierre_PLANCHENAULT-00344-300x200.jpg 300w, https:\/\/2024.groupe-anamorphose.com\/wp-content\/uploads\/2024\/01\/Chamelle\u00a9_Pierre_PLANCHENAULT-00344-768x512.jpg 768w, https:\/\/2024.groupe-anamorphose.com\/wp-content\/uploads\/2024\/01\/Chamelle\u00a9_Pierre_PLANCHENAULT-00344-1536x1024.jpg 1536w, https:\/\/2024.groupe-anamorphose.com\/wp-content\/uploads\/2024\/01\/Chamelle\u00a9_Pierre_PLANCHENAULT-00344-2048x1365.jpg 2048w\" sizes=\"auto, (max-width: 1024px) 100vw, 1024px\" \/><button\n\t\t\tclass=\"lightbox-trigger\"\n\t\t\ttype=\"button\"\n\t\t\taria-haspopup=\"dialog\"\n\t\t\taria-label=\"Agrandir\"\n\t\t\tdata-wp-init=\"callbacks.initTriggerButton\"\n\t\t\tdata-wp-on--click=\"actions.showLightbox\"\n\t\t\tdata-wp-style--right=\"state.imageButtonRight\"\n\t\t\tdata-wp-style--top=\"state.imageButtonTop\"\n\t\t>\n\t\t\t<svg xmlns=\"http:\/\/www.w3.org\/2000\/svg\" width=\"12\" height=\"12\" fill=\"none\" viewBox=\"0 0 12 12\">\n\t\t\t\t<path fill=\"#fff\" d=\"M2 0a2 2 0 0 0-2 2v2h1.5V2a.5.5 0 0 1 .5-.5h2V0H2Zm2 10.5H2a.5.5 0 0 1-.5-.5V8H0v2a2 2 0 0 0 2 2h2v-1.5ZM8 12v-1.5h2a.5.5 0 0 0 .5-.5V8H12v2a2 2 0 0 1-2 2H8Zm2-12a2 2 0 0 1 2 2v2h-1.5V2a.5.5 0 0 0-.5-.5H8V0h2Z\" \/>\n\t\t\t<\/svg>\n\t\t<\/button><\/figure>\n\n\n\n<figure data-wp-context=\"{&quot;imageId&quot;:&quot;69da7b872b177&quot;}\" data-wp-interactive=\"core\/image\" data-wp-key=\"69da7b872b177\" class=\"wp-block-image size-large wp-lightbox-container\"><img loading=\"lazy\" decoding=\"async\" width=\"1024\" height=\"683\" data-wp-class--hide=\"state.isContentHidden\" data-wp-class--show=\"state.isContentVisible\" data-wp-init=\"callbacks.setButtonStyles\" data-wp-on--click=\"actions.showLightbox\" data-wp-on--load=\"callbacks.setButtonStyles\" data-wp-on-window--resize=\"callbacks.setButtonStyles\" data-id=\"416\" src=\"https:\/\/2024.groupe-anamorphose.com\/wp-content\/uploads\/2024\/01\/LeTigre\u00a9_Pierre_PLANCHENAULT-1024x683.jpg\" alt=\"\" class=\"wp-image-416\" srcset=\"https:\/\/2024.groupe-anamorphose.com\/wp-content\/uploads\/2024\/01\/LeTigre\u00a9_Pierre_PLANCHENAULT-1024x683.jpg 1024w, https:\/\/2024.groupe-anamorphose.com\/wp-content\/uploads\/2024\/01\/LeTigre\u00a9_Pierre_PLANCHENAULT-300x200.jpg 300w, https:\/\/2024.groupe-anamorphose.com\/wp-content\/uploads\/2024\/01\/LeTigre\u00a9_Pierre_PLANCHENAULT-768x512.jpg 768w, https:\/\/2024.groupe-anamorphose.com\/wp-content\/uploads\/2024\/01\/LeTigre\u00a9_Pierre_PLANCHENAULT-1536x1024.jpg 1536w, https:\/\/2024.groupe-anamorphose.com\/wp-content\/uploads\/2024\/01\/LeTigre\u00a9_Pierre_PLANCHENAULT-2048x1365.jpg 2048w\" sizes=\"auto, (max-width: 1024px) 100vw, 1024px\" \/><button\n\t\t\tclass=\"lightbox-trigger\"\n\t\t\ttype=\"button\"\n\t\t\taria-haspopup=\"dialog\"\n\t\t\taria-label=\"Agrandir\"\n\t\t\tdata-wp-init=\"callbacks.initTriggerButton\"\n\t\t\tdata-wp-on--click=\"actions.showLightbox\"\n\t\t\tdata-wp-style--right=\"state.imageButtonRight\"\n\t\t\tdata-wp-style--top=\"state.imageButtonTop\"\n\t\t>\n\t\t\t<svg xmlns=\"http:\/\/www.w3.org\/2000\/svg\" width=\"12\" height=\"12\" fill=\"none\" viewBox=\"0 0 12 12\">\n\t\t\t\t<path fill=\"#fff\" d=\"M2 0a2 2 0 0 0-2 2v2h1.5V2a.5.5 0 0 1 .5-.5h2V0H2Zm2 10.5H2a.5.5 0 0 1-.5-.5V8H0v2a2 2 0 0 0 2 2h2v-1.5ZM8 12v-1.5h2a.5.5 0 0 0 .5-.5V8H12v2a2 2 0 0 1-2 2H8Zm2-12a2 2 0 0 1 2 2v2h-1.5V2a.5.5 0 0 0-.5-.5H8V0h2Z\" \/>\n\t\t\t<\/svg>\n\t\t<\/button><\/figure>\n\n\n\n<figure data-wp-context=\"{&quot;imageId&quot;:&quot;69da7b872b6d1&quot;}\" data-wp-interactive=\"core\/image\" data-wp-key=\"69da7b872b6d1\" class=\"wp-block-image size-large wp-lightbox-container\"><img loading=\"lazy\" decoding=\"async\" width=\"787\" height=\"590\" data-wp-class--hide=\"state.isContentHidden\" data-wp-class--show=\"state.isContentVisible\" data-wp-init=\"callbacks.setButtonStyles\" data-wp-on--click=\"actions.showLightbox\" data-wp-on--load=\"callbacks.setButtonStyles\" data-wp-on-window--resize=\"callbacks.setButtonStyles\" data-id=\"414\" src=\"https:\/\/2024.groupe-anamorphose.com\/wp-content\/uploads\/2024\/01\/cheval\u00a9Anamorphose.jpeg\" alt=\"\" class=\"wp-image-414\" srcset=\"https:\/\/2024.groupe-anamorphose.com\/wp-content\/uploads\/2024\/01\/cheval\u00a9Anamorphose.jpeg 787w, https:\/\/2024.groupe-anamorphose.com\/wp-content\/uploads\/2024\/01\/cheval\u00a9Anamorphose-300x225.jpeg 300w, https:\/\/2024.groupe-anamorphose.com\/wp-content\/uploads\/2024\/01\/cheval\u00a9Anamorphose-768x576.jpeg 768w\" sizes=\"auto, (max-width: 787px) 100vw, 787px\" \/><button\n\t\t\tclass=\"lightbox-trigger\"\n\t\t\ttype=\"button\"\n\t\t\taria-haspopup=\"dialog\"\n\t\t\taria-label=\"Agrandir\"\n\t\t\tdata-wp-init=\"callbacks.initTriggerButton\"\n\t\t\tdata-wp-on--click=\"actions.showLightbox\"\n\t\t\tdata-wp-style--right=\"state.imageButtonRight\"\n\t\t\tdata-wp-style--top=\"state.imageButtonTop\"\n\t\t>\n\t\t\t<svg xmlns=\"http:\/\/www.w3.org\/2000\/svg\" width=\"12\" height=\"12\" fill=\"none\" viewBox=\"0 0 12 12\">\n\t\t\t\t<path fill=\"#fff\" d=\"M2 0a2 2 0 0 0-2 2v2h1.5V2a.5.5 0 0 1 .5-.5h2V0H2Zm2 10.5H2a.5.5 0 0 1-.5-.5V8H0v2a2 2 0 0 0 2 2h2v-1.5ZM8 12v-1.5h2a.5.5 0 0 0 .5-.5V8H12v2a2 2 0 0 1-2 2H8Zm2-12a2 2 0 0 1 2 2v2h-1.5V2a.5.5 0 0 0-.5-.5H8V0h2Z\" \/>\n\t\t\t<\/svg>\n\t\t<\/button><\/figure>\n<\/figure>\n","protected":false},"excerpt":{"rendered":"<p>A partir de 10 ans en tout public (repr\u00e9sentation scolaire possible \u00e0 partir du coll\u00e8ge : 6eme) Th\u00e9\u00e2tre et grandes marionnettesUn spectacle qui donne la parole aux animaux ! Sauvage, c\u2019est l\u2019histoire d\u2019un oiseau migrateur qui cherche \u00e0 retrouver les siens, Un voyage initiatique qui questionne notre rapport \u00e0 la biodiversit\u00e9Un th\u00e9\u00e2tre d\u2019acteurs, de masques [&hellip;]<\/p>\n","protected":false},"author":1,"featured_media":0,"parent":0,"menu_order":0,"comment_status":"closed","ping_status":"open","template":"","meta":{"_themeisle_gutenberg_block_has_review":false,"footnotes":""},"class_list":["post-2","page","type-page","status-publish","hentry"],"_links":{"self":[{"href":"https:\/\/2024.groupe-anamorphose.com\/index.php?rest_route=\/wp\/v2\/pages\/2","targetHints":{"allow":["GET"]}}],"collection":[{"href":"https:\/\/2024.groupe-anamorphose.com\/index.php?rest_route=\/wp\/v2\/pages"}],"about":[{"href":"https:\/\/2024.groupe-anamorphose.com\/index.php?rest_route=\/wp\/v2\/types\/page"}],"author":[{"embeddable":true,"href":"https:\/\/2024.groupe-anamorphose.com\/index.php?rest_route=\/wp\/v2\/users\/1"}],"replies":[{"embeddable":true,"href":"https:\/\/2024.groupe-anamorphose.com\/index.php?rest_route=%2Fwp%2Fv2%2Fcomments&post=2"}],"version-history":[{"count":10,"href":"https:\/\/2024.groupe-anamorphose.com\/index.php?rest_route=\/wp\/v2\/pages\/2\/revisions"}],"predecessor-version":[{"id":488,"href":"https:\/\/2024.groupe-anamorphose.com\/index.php?rest_route=\/wp\/v2\/pages\/2\/revisions\/488"}],"wp:attachment":[{"href":"https:\/\/2024.groupe-anamorphose.com\/index.php?rest_route=%2Fwp%2Fv2%2Fmedia&parent=2"}],"curies":[{"name":"wp","href":"https:\/\/api.w.org\/{rel}","templated":true}]}}