{"id":211,"date":"2023-12-26T12:40:04","date_gmt":"2023-12-26T11:40:04","guid":{"rendered":"https:\/\/groupeanamorphose.local\/?page_id=211"},"modified":"2023-12-26T12:40:04","modified_gmt":"2023-12-26T11:40:04","slug":"tournees-saison-2023-24","status":"publish","type":"page","link":"https:\/\/2024.groupe-anamorphose.com\/?page_id=211","title":{"rendered":"Tourn\u00e9es saison 2023-24"},"content":{"rendered":"\n<p><\/p>\n\n\n\n<p><strong>ULYSSE OU L\u2018IMPOSSIBLE RETOUR <\/strong>&#8211; L\u2018Odyss\u00e9e d\u2018Hom\u00e8re en th\u00e9\u00e2tre et en ombres<\/p>\n\n\n\n<p style=\"line-height:1.4\">tt public d\u00e8s 11 ans<\/p>\n\n\n\n<p><\/p>\n\n\n\n<p style=\"line-height:1.4\">Coutras (33) &#8211; salle Maurice Druon &#8211; ve 8 d\u00e9c &#8211; 14h<\/p>\n\n\n\n<p style=\"line-height:1.4\">St Sever (40) &#8211; salle capitulaire &#8211; je 1er f\u00e9v 14h et ve 2 f\u00e9v 14h &amp; 20h<\/p>\n\n\n\n<p style=\"line-height:1.4\">Pessac (33) &#8211; lu 12 f\u00e9v &#8211; Le Royal &#8211; (pass culture)<\/p>\n\n\n\n<p style=\"line-height:1.4\">Martignas (33) &#8211; salle G\u00e9rard Philipe &#8211; ma 13 f\u00e9v &#8211; 20h30<\/p>\n\n\n\n<p style=\"line-height:1.4\">Terrasson (24) &#8211; centre culturel &#8211; ve 16 f\u00e9v &#8211; 14h &amp; 20h30<\/p>\n\n\n\n<p style=\"line-height:1.4\">Villenave d\u2019Ornon (33) &#8211; Le Cube &#8211; ma 26 mars &#8211; 14h30<\/p>\n\n\n\n<p style=\"line-height:1.4\">Ruffec (16) &#8211; La Canop\u00e9e &#8211; je 4 avr &#8211; 20h30<\/p>\n\n\n\n<p style=\"line-height:1.4\">Marmande (47) &#8211; th\u00e9\u00e2tre Comoedia &#8211; ma 9 avr &#8211; 14h15 &amp; 19h30<\/p>\n\n\n\n<p><\/p>\n\n\n\n<p style=\"line-height:1.4\"><strong>SAUVAGE<\/strong>&#8211; Une fable \u00e9cologique qui donne la parole aux animaux<\/p>\n\n\n\n<p style=\"line-height:1.4\">tt public d\u00e8s 9 ans<\/p>\n\n\n\n<p style=\"line-height:1.4\">Montesson (78) &#8211; parc d\u00e9partemental de la Boucle &#8211; di 3 sept &#8211; 17h30<\/p>\n\n\n\n<p style=\"line-height:1.4\">Plaisir (78) &#8211; for\u00eat d\u00e9partementale de Sainte-Apolline &#8211; di 10 sept &#8211; 17h30<\/p>\n\n\n\n<p style=\"line-height:1.4\">Carri\u00e8res sous Poissy (78) &#8211; parc du Peuple de L\u2019Herbe &#8211; di 17 sept &#8211; 15h30 &amp; 16h30<\/p>\n\n\n\n<p style=\"line-height:1.4\">Pessac (33) &#8211; ve 13 oct &#8211; coll\u00e8ge No\u00ebs (pass culture)<\/p>\n\n\n\n<p style=\"line-height:1.4\">Talence (33) &#8211; parc Peixotto &#8211; sa 14 oct &#8211; 15h<\/p>\n\n\n\n<p style=\"line-height:1.4\">Sissonne (02) &#8211; espace culturel du parc &#8211; ma 23 jan &#8211; 10h30 &amp; 14h30<\/p>\n\n\n\n<p style=\"line-height:1.4\">Gauchy (02) &#8211; MCL &#8211; je 25 janv \u00e0 10h et 14h15 et ve 26 janv \u00e0 10h<\/p>\n\n\n\n<p><\/p>\n\n\n\n<p style=\"line-height:1.4\"><strong>ALIENOR EXAGERE ! <\/strong>&#8211; Une fausse conf\u00e9rence sur la fascinante histoire d\u2019Ali\u00e9nor d\u2019Aquitaine<\/p>\n\n\n\n<p style=\"line-height:1.4\">tt public d\u00e8s 12 ans<\/p>\n\n\n\n<p style=\"line-height:1.4\">Lacanau (33) &#8211; salle polyvalente &#8211; sa 16 sept &#8211; 19h<\/p>\n\n\n\n<p style=\"line-height:1.4\">St Julien en Born (40) &#8211; salle des f\u00eates &#8211; sa 27 jan &#8211; 20h30<\/p>\n\n\n\n<p style=\"line-height:1.4\">Soustons (40) &#8211; salle des f\u00eates &#8211; ve 8 mars &#8211; 20h30<\/p>\n\n\n\n<p style=\"line-height:1.4\">Martignas (33) &#8211; salle G\u00e9rard Philipe &#8211; ma 2 avr &#8211; 20h30<\/p>\n\n\n\n<p><\/p>\n\n\n\n<p style=\"line-height:1.4\"><strong>DOM JUAN <\/strong>&#8211; Le texte de Moli\u00e8re jou\u00e9 en solo avec masques et marionnettes d&rsquo;argile<\/p>\n\n\n\n<p style=\"line-height:1.4\">tt public d\u00e8s 12 ans<\/p>\n\n\n\n<p style=\"line-height:1.4\">Tonneins (47) &#8211; La Gabarre &#8211; ma 12 mars &#8211; 10h &amp; 15h<\/p>\n\n\n\n<p style=\"line-height:1.4\"><strong>MYTHOLOGIE, LE DESTIN DE PERSEE <\/strong>&#8211; Les aventures d&rsquo;un super-h\u00e9ros de la mythologie grecque<\/p>\n\n\n\n<p style=\"line-height:1.4\">tt public d\u00e8s 8 ans<\/p>\n\n\n\n<p style=\"line-height:1.4\">St Caprais (33) &#8211; salle Corjal &#8211; sa 9 sept &#8211; 18h<\/p>\n\n\n\n<p style=\"line-height:1.4\">Ste Foy la Grande (33) &#8211; terrasse Fran\u00e7ois Mitterrand &#8211; ve 29 sept &#8211; 20h<\/p>\n\n\n\n<p style=\"line-height:1.4\">Pomarez (40) &#8211; m\u00e9diath\u00e8que &#8211; ve 20 oct &#8211; 19h<\/p>\n\n\n\n<p style=\"line-height:1.4\">Targon (33) &#8211; espace Ren\u00e9 Lazare &#8211; me 20 d\u00e9c &#8211; 15h<\/p>\n\n\n\n<p style=\"line-height:1.4\">Dax (40) &#8211; auditorium du coll\u00e8ge &#8211; lu 18 mars &#8211; coll\u00e8ge (pass culture)<\/p>\n\n\n\n<p style=\"line-height:1.4\">Bordeaux (33) &#8211; je 21 mars &#8211; coll\u00e8ge Cassignol (pass culture)<\/p>\n\n\n\n<p style=\"line-height:1.4\">Bordeaux (33) &#8211; ve 22 mars &#8211; coll\u00e8ge st Gen\u00e8s (pass culture)<\/p>\n\n\n\n<p><\/p>\n\n\n\n<p style=\"line-height:1.4\"><strong>L\u2019IMPROMPTU<\/strong>&#8211; La rencontre imagin\u00e9e entre Corneille et Moli\u00e8re<\/p>\n\n\n\n<p style=\"line-height:1.4\">tt public d\u00e8s 12 ans<\/p>\n\n\n\n<p style=\"line-height:1.4\">St Vincent de Tyrosse (40) &#8211; du lu 27 au je 30 nov &#8211; lyc\u00e9e (pass culture)<\/p>\n","protected":false},"excerpt":{"rendered":"<p>ULYSSE OU L\u2018IMPOSSIBLE RETOUR &#8211; L\u2018Odyss\u00e9e d\u2018Hom\u00e8re en th\u00e9\u00e2tre et en ombres tt public d\u00e8s 11 ans Coutras (33) &#8211; salle Maurice Druon &#8211; ve 8 d\u00e9c &#8211; 14h St Sever (40) &#8211; salle capitulaire &#8211; je 1er f\u00e9v 14h et ve 2 f\u00e9v 14h &amp; 20h Pessac (33) &#8211; lu 12 f\u00e9v &#8211; Le [&hellip;]<\/p>\n","protected":false},"author":2,"featured_media":0,"parent":0,"menu_order":0,"comment_status":"closed","ping_status":"closed","template":"","meta":{"_themeisle_gutenberg_block_has_review":false,"footnotes":""},"class_list":["post-211","page","type-page","status-publish","hentry"],"_links":{"self":[{"href":"https:\/\/2024.groupe-anamorphose.com\/index.php?rest_route=\/wp\/v2\/pages\/211","targetHints":{"allow":["GET"]}}],"collection":[{"href":"https:\/\/2024.groupe-anamorphose.com\/index.php?rest_route=\/wp\/v2\/pages"}],"about":[{"href":"https:\/\/2024.groupe-anamorphose.com\/index.php?rest_route=\/wp\/v2\/types\/page"}],"author":[{"embeddable":true,"href":"https:\/\/2024.groupe-anamorphose.com\/index.php?rest_route=\/wp\/v2\/users\/2"}],"replies":[{"embeddable":true,"href":"https:\/\/2024.groupe-anamorphose.com\/index.php?rest_route=%2Fwp%2Fv2%2Fcomments&post=211"}],"version-history":[{"count":2,"href":"https:\/\/2024.groupe-anamorphose.com\/index.php?rest_route=\/wp\/v2\/pages\/211\/revisions"}],"predecessor-version":[{"id":256,"href":"https:\/\/2024.groupe-anamorphose.com\/index.php?rest_route=\/wp\/v2\/pages\/211\/revisions\/256"}],"wp:attachment":[{"href":"https:\/\/2024.groupe-anamorphose.com\/index.php?rest_route=%2Fwp%2Fv2%2Fmedia&parent=211"}],"curies":[{"name":"wp","href":"https:\/\/api.w.org\/{rel}","templated":true}]}}