{"id":212,"date":"2023-12-26T12:40:17","date_gmt":"2023-12-26T11:40:17","guid":{"rendered":"https:\/\/groupeanamorphose.local\/?page_id=212"},"modified":"2024-02-16T12:44:35","modified_gmt":"2024-02-16T11:44:35","slug":"dom-juan","status":"publish","type":"page","link":"https:\/\/2024.groupe-anamorphose.com\/?page_id=212","title":{"rendered":"Dom Juan"},"content":{"rendered":"\n<p>A partir de 12 ans en tout public (repr\u00e9sentation scolaire possible \u00e0 partir du lyc\u00e9e)<\/p>\n\n\n\n<p>Une performance solo dans un espace de 3m x 3m, l\u2019acteur-manipulateur travaille l\u2019argile en direct pour donner vie \u00e0 tous les personnages et r\u00e9v\u00e9ler la course effr\u00e9n\u00e9e de Dom Juan.<\/p>\n\n\n\n<p>1 acteur + 1 masque + 4 boules de glaise + 1 cube<\/p>\n\n\n\n<p><\/p>\n\n\n\n<p><\/p>\n\n\n\n<figure class=\"wp-block-image aligncenter size-large is-style-default\"><img loading=\"lazy\" decoding=\"async\" width=\"2560\" height=\"2560\" src=\"https:\/\/2024.groupe-anamorphose.com\/wp-content\/uploads\/2023\/12\/Intermede@B.ZUGAJ_-edited-scaled.jpg\" alt=\"\" class=\"wp-image-331\" srcset=\"https:\/\/2024.groupe-anamorphose.com\/wp-content\/uploads\/2023\/12\/Intermede@B.ZUGAJ_-edited-scaled.jpg 2560w, https:\/\/2024.groupe-anamorphose.com\/wp-content\/uploads\/2023\/12\/Intermede@B.ZUGAJ_-edited-300x300.jpg 300w, https:\/\/2024.groupe-anamorphose.com\/wp-content\/uploads\/2023\/12\/Intermede@B.ZUGAJ_-edited-1024x1024.jpg 1024w, https:\/\/2024.groupe-anamorphose.com\/wp-content\/uploads\/2023\/12\/Intermede@B.ZUGAJ_-edited-150x150.jpg 150w, https:\/\/2024.groupe-anamorphose.com\/wp-content\/uploads\/2023\/12\/Intermede@B.ZUGAJ_-edited-768x768.jpg 768w, https:\/\/2024.groupe-anamorphose.com\/wp-content\/uploads\/2023\/12\/Intermede@B.ZUGAJ_-edited-1536x1536.jpg 1536w, https:\/\/2024.groupe-anamorphose.com\/wp-content\/uploads\/2023\/12\/Intermede@B.ZUGAJ_-edited-2048x2048.jpg 2048w\" sizes=\"auto, (max-width: 2560px) 100vw, 2560px\" \/><\/figure>\n\n\n\n<p><\/p>\n\n\n\n<h3 class=\"wp-block-heading\">Des masques et de l&rsquo;argile&nbsp;<a href=\"http:\/\/www.groupe-anamorphose.com\/anam\/-Dom-Juan-#\"><\/a><\/h3>\n\n\n\n<p>L\u2019incontournable de la compagnie&nbsp;!<\/p>\n\n\n\n<p>Ce spectacle connait un beau succ\u00e8s avec plus de 300 repr\u00e9sentations depuis la 1\u00e8re au Grand Bleu de Lille en 2003. <\/p>\n\n\n\n<p>Sganarelle porte un masque rouge, Dom Juan garde le visage lisse&nbsp;; derri\u00e8re ces deux personnages de Moli\u00e8re, un seul com\u00e9dien, Laurent Rogero. Jouer Dom Juan seul, c\u2019est vouloir mettre en valeur la solitude et la folie du personnage. Dom Juan court \u00e0 sa propre perte&nbsp;; sa libert\u00e9 l\u2019enivre et lui fait peur, il cherche les limites en provoquant la mort m\u00eame. Dom Juan et Sganarelle sont comme deux extr\u00e9mit\u00e9s de l\u2019homme \u00e9quilibr\u00e9&nbsp;: le ma\u00eetre est fou, le valet est idiot. L\u2019un est instable, ne tient \u00e0 rien, n\u2019est tenu par rien. L\u2019autre est fig\u00e9 coinc\u00e9 entre sa peur et sa col\u00e8re. L\u2019acteur masqu\u00e9, c\u2019est Sganarelle&nbsp;: il a l\u2019expressivit\u00e9 des valets de commedia dell\u2019arte, et qu\u2019il mente ou qu\u2019il dise la v\u00e9rit\u00e9, il est toujours entier. L\u2019acteur d\u00e9masqu\u00e9, c\u2019est Dom Juan&nbsp;: son visage nu est \u00e0 lui seul une provocation. Les autres personnages deviennent des excroissances du corps de l\u2019acteur&nbsp;: comme si le regard de Dom Juan effa\u00e7ait toutes les personnalit\u00e9s, les passait au filtre de son seul d\u00e9sir. Une cape, deux boules d\u2019argile h\u00e2tivement model\u00e9es et les paysannes se cr\u00eapent le chignon&nbsp;; un socle rouge et la statue du commandeur s\u2019\u00e9branle&#8230; \ufffc<\/p>\n\n\n\n<p>\u00ab\u00a0Dom Juan se r\u00e9volte. Contre son p\u00e8re, son cr\u00e9ancier, ses beaux fr\u00e8res, sa fianc\u00e9e, son valet, un mendiant, la statue d\u2019un homme qu\u2019il a tu\u00e9\u00a0: toutes sortes de g\u00eaneurs qui l\u2019emp\u00eachent de faire ce qu\u2019il veut. Dom Juan veut jouir de tous les plaisirs et ne rendre de comptes \u00e0 personne. Alors il fuit, perp\u00e9tuellement. Mais peut-il pr\u00e9tendre ne rien devoir \u00e0 tous ceux qu\u2019il a tromp\u00e9s\u00a0? Cette lutte d\u2019un homme avec le corps social, c\u2019est comme la lutte d\u2019un homme avec son propre corps. C\u2019est pourquoi la plupart des personnages font ici partie int\u00e9grante du corps de l\u2019acteur\u00a0: dans le prolongement de ses membres, des t\u00eates de marionnettes prennent la parole. Quant \u00e0 Sganarelle, il est si proche de Dom Juan qu\u2019il en est comme le double\u00a0: un demi-masque, fig\u00e9 dans une expression de reproche et de peur, s\u2019agrippe \u00e0 chaque acte au visage de Dom Juan pour tenter de le ramener \u00e0 la raison.\u00a0\u00bb\u2028Laurent Rogero<\/p>\n\n\n\n<p>Quelques atouts<br>. une performance d\u2019acteur impressionnante<br>. une mise en valeur de la complexit\u00e9 du personnage de Dom Juan<br>. un tremplin pour acc\u00e9der \u00e0 la finesse d\u2019un grand classique<br>. une mise en sc\u00e8ne \u00e9pur\u00e9e et ing\u00e9nieuse pour \u00e9veiller l\u2019imaginaire des spectateurs<\/p>\n\n\n\n<figure class=\"wp-block-pullquote\"><blockquote><p>\u00ab\u00a0Un th\u00e9\u00e2tre proche de l\u2019arte povera, o\u00f9 la pr\u00e9cision et l\u2019\u00e9conomie de moyen offrent une nouvelle \u00e9coute, une insolence renouvel\u00e9e du texte. Un Dom Juan intime, \u00e0 nu, dont le corps porte toutes les contradictions.\u00a0\u00bb\u2028Val\u00e9rie de Saint-Do &#8211; Cassandre<\/p><\/blockquote><\/figure>\n\n\n\n<p><\/p>\n\n\n\n<h3 class=\"wp-block-heading\">L&rsquo;\u00e9quipe&nbsp;<a href=\"http:\/\/www.groupe-anamorphose.com\/anam\/-Dom-Juan-#\"><\/a><\/h3>\n\n\n\n<p>Adaptation, mise en sc\u00e8ne, jeu&nbsp;: Laurent Rogero<br>D\u00e9cor&nbsp;: Mahi Grand<br>Masque&nbsp;: Lo\u00efc Nebreda<br>Musique&nbsp;: Olivier Colombel<br>R\u00e9gie, Lumi\u00e8res&nbsp;: Matthieu Chevet, St\u00e9phane Le Sauce<\/p>\n\n\n\n<p> <\/p>\n\n\n\n<p><\/p>\n\n\n\n<h3 id=\"wp-block-themeisle-blocks-advanced-heading-f540cae9\" class=\"wp-block-themeisle-blocks-advanced-heading wp-block-themeisle-blocks-advanced-heading-f540cae9\">Production <\/h3>\n\n\n\n<p>Groupe Anamorphose, Office Artistique de la R\u00e9gion Aquitaine, Sc\u00e8ne Nationale de Bayonne &#8211; Sud Aquitain, IDDAC. R\u00e9sidences au Th\u00e9\u00e2tre des Quatre Saisons de Gradignan, \u00e0 Floirac, et au CDN Le Grand Bleu de Lille.<\/p>\n\n\n\n<h3 id=\"wp-block-themeisle-blocks-advanced-heading-9b1450d3\" class=\"wp-block-themeisle-blocks-advanced-heading wp-block-themeisle-blocks-advanced-heading-9b1450d3\">Conditions d&rsquo;accueil <\/h3>\n\n\n\n<p>sc\u00e8ne ou gradins \u2013 noir complet n\u00e9cessaire)<br>co\u00fbt de cession : 1500 \u20ac ++ frais de d\u00e9placements au d\u00e9part de Bordeaux et accueil de 2 personnes<br>scolaire : lyc\u00e9e<br>jauge max tp : 250<br>jauge max scolaire : 120<br>dur\u00e9e : 1h<\/p>\n\n\n\n<p><\/p>\n\n\n\n<p><\/p>\n\n\n\n<p><\/p>\n\n\n\n<figure class=\"wp-block-gallery has-nested-images columns-default is-cropped wp-block-gallery-1 is-layout-flex wp-block-gallery-is-layout-flex\">\n<figure class=\"wp-block-image size-large\"><img loading=\"lazy\" decoding=\"async\" width=\"691\" height=\"1024\" data-id=\"387\" src=\"https:\/\/2024.groupe-anamorphose.com\/wp-content\/uploads\/2024\/01\/Visuel-Affiche@Anamorphose-691x1024.png\" alt=\"\" class=\"wp-image-387\" srcset=\"https:\/\/2024.groupe-anamorphose.com\/wp-content\/uploads\/2024\/01\/Visuel-Affiche@Anamorphose-691x1024.png 691w, https:\/\/2024.groupe-anamorphose.com\/wp-content\/uploads\/2024\/01\/Visuel-Affiche@Anamorphose-202x300.png 202w, https:\/\/2024.groupe-anamorphose.com\/wp-content\/uploads\/2024\/01\/Visuel-Affiche@Anamorphose-768x1138.png 768w, https:\/\/2024.groupe-anamorphose.com\/wp-content\/uploads\/2024\/01\/Visuel-Affiche@Anamorphose-1036x1536.png 1036w, https:\/\/2024.groupe-anamorphose.com\/wp-content\/uploads\/2024\/01\/Visuel-Affiche@Anamorphose.png 1344w\" sizes=\"auto, (max-width: 691px) 100vw, 691px\" \/><\/figure>\n\n\n\n<figure class=\"wp-block-image size-large\"><img loading=\"lazy\" decoding=\"async\" width=\"1024\" height=\"681\" data-id=\"388\" src=\"https:\/\/2024.groupe-anamorphose.com\/wp-content\/uploads\/2024\/01\/CharlottePierrot@B-ZUGAJ-1024x681.jpg\" alt=\"\" class=\"wp-image-388\" srcset=\"https:\/\/2024.groupe-anamorphose.com\/wp-content\/uploads\/2024\/01\/CharlottePierrot@B-ZUGAJ-1024x681.jpg 1024w, https:\/\/2024.groupe-anamorphose.com\/wp-content\/uploads\/2024\/01\/CharlottePierrot@B-ZUGAJ-300x200.jpg 300w, https:\/\/2024.groupe-anamorphose.com\/wp-content\/uploads\/2024\/01\/CharlottePierrot@B-ZUGAJ-768x511.jpg 768w, https:\/\/2024.groupe-anamorphose.com\/wp-content\/uploads\/2024\/01\/CharlottePierrot@B-ZUGAJ-1536x1022.jpg 1536w, https:\/\/2024.groupe-anamorphose.com\/wp-content\/uploads\/2024\/01\/CharlottePierrot@B-ZUGAJ-2048x1363.jpg 2048w\" sizes=\"auto, (max-width: 1024px) 100vw, 1024px\" \/><\/figure>\n\n\n\n<figure class=\"wp-block-image size-large\"><img loading=\"lazy\" decoding=\"async\" width=\"1024\" height=\"681\" data-id=\"389\" src=\"https:\/\/2024.groupe-anamorphose.com\/wp-content\/uploads\/2024\/01\/Dom-Carlos@B.ZUGAJ_-1024x681.jpg\" alt=\"\" class=\"wp-image-389\" srcset=\"https:\/\/2024.groupe-anamorphose.com\/wp-content\/uploads\/2024\/01\/Dom-Carlos@B.ZUGAJ_-1024x681.jpg 1024w, https:\/\/2024.groupe-anamorphose.com\/wp-content\/uploads\/2024\/01\/Dom-Carlos@B.ZUGAJ_-300x200.jpg 300w, https:\/\/2024.groupe-anamorphose.com\/wp-content\/uploads\/2024\/01\/Dom-Carlos@B.ZUGAJ_-768x511.jpg 768w, https:\/\/2024.groupe-anamorphose.com\/wp-content\/uploads\/2024\/01\/Dom-Carlos@B.ZUGAJ_-1536x1022.jpg 1536w, https:\/\/2024.groupe-anamorphose.com\/wp-content\/uploads\/2024\/01\/Dom-Carlos@B.ZUGAJ_-2048x1363.jpg 2048w\" sizes=\"auto, (max-width: 1024px) 100vw, 1024px\" \/><\/figure>\n\n\n\n<figure class=\"wp-block-image size-large\"><img loading=\"lazy\" decoding=\"async\" width=\"1024\" height=\"999\" data-id=\"386\" src=\"https:\/\/2024.groupe-anamorphose.com\/wp-content\/uploads\/2024\/01\/DomJuan@B.ZUGAJ_-1024x999.jpg\" alt=\"\" class=\"wp-image-386\" srcset=\"https:\/\/2024.groupe-anamorphose.com\/wp-content\/uploads\/2024\/01\/DomJuan@B.ZUGAJ_-1024x999.jpg 1024w, https:\/\/2024.groupe-anamorphose.com\/wp-content\/uploads\/2024\/01\/DomJuan@B.ZUGAJ_-300x293.jpg 300w, https:\/\/2024.groupe-anamorphose.com\/wp-content\/uploads\/2024\/01\/DomJuan@B.ZUGAJ_-768x749.jpg 768w, https:\/\/2024.groupe-anamorphose.com\/wp-content\/uploads\/2024\/01\/DomJuan@B.ZUGAJ_-1536x1498.jpg 1536w, https:\/\/2024.groupe-anamorphose.com\/wp-content\/uploads\/2024\/01\/DomJuan@B.ZUGAJ_-2048x1997.jpg 2048w\" sizes=\"auto, (max-width: 1024px) 100vw, 1024px\" \/><\/figure>\n\n\n\n<figure class=\"wp-block-image size-large\"><img loading=\"lazy\" decoding=\"async\" width=\"1024\" height=\"681\" data-id=\"390\" src=\"https:\/\/2024.groupe-anamorphose.com\/wp-content\/uploads\/2024\/01\/Elvire@-B.ZUGAJ_-1024x681.jpg\" alt=\"\" class=\"wp-image-390\" srcset=\"https:\/\/2024.groupe-anamorphose.com\/wp-content\/uploads\/2024\/01\/Elvire@-B.ZUGAJ_-1024x681.jpg 1024w, https:\/\/2024.groupe-anamorphose.com\/wp-content\/uploads\/2024\/01\/Elvire@-B.ZUGAJ_-300x200.jpg 300w, https:\/\/2024.groupe-anamorphose.com\/wp-content\/uploads\/2024\/01\/Elvire@-B.ZUGAJ_-768x511.jpg 768w, https:\/\/2024.groupe-anamorphose.com\/wp-content\/uploads\/2024\/01\/Elvire@-B.ZUGAJ_-1536x1022.jpg 1536w, https:\/\/2024.groupe-anamorphose.com\/wp-content\/uploads\/2024\/01\/Elvire@-B.ZUGAJ_-2048x1363.jpg 2048w\" sizes=\"auto, (max-width: 1024px) 100vw, 1024px\" \/><\/figure>\n\n\n\n<figure class=\"wp-block-image size-large\"><img loading=\"lazy\" decoding=\"async\" width=\"1024\" height=\"681\" data-id=\"392\" src=\"https:\/\/2024.groupe-anamorphose.com\/wp-content\/uploads\/2024\/01\/Intermede@B.ZUGAJ_-1024x681.jpg\" alt=\"\" class=\"wp-image-392\" srcset=\"https:\/\/2024.groupe-anamorphose.com\/wp-content\/uploads\/2024\/01\/Intermede@B.ZUGAJ_-1024x681.jpg 1024w, https:\/\/2024.groupe-anamorphose.com\/wp-content\/uploads\/2024\/01\/Intermede@B.ZUGAJ_-300x200.jpg 300w, https:\/\/2024.groupe-anamorphose.com\/wp-content\/uploads\/2024\/01\/Intermede@B.ZUGAJ_-768x511.jpg 768w, https:\/\/2024.groupe-anamorphose.com\/wp-content\/uploads\/2024\/01\/Intermede@B.ZUGAJ_-1536x1022.jpg 1536w, https:\/\/2024.groupe-anamorphose.com\/wp-content\/uploads\/2024\/01\/Intermede@B.ZUGAJ_-2048x1363.jpg 2048w\" sizes=\"auto, (max-width: 1024px) 100vw, 1024px\" \/><\/figure>\n\n\n\n<figure class=\"wp-block-image size-large\"><img loading=\"lazy\" decoding=\"async\" width=\"1024\" height=\"945\" data-id=\"391\" src=\"https:\/\/2024.groupe-anamorphose.com\/wp-content\/uploads\/2024\/01\/Sganarelle@B.ZUGAJ_-1024x945.jpg\" alt=\"\" class=\"wp-image-391\" srcset=\"https:\/\/2024.groupe-anamorphose.com\/wp-content\/uploads\/2024\/01\/Sganarelle@B.ZUGAJ_-1024x945.jpg 1024w, https:\/\/2024.groupe-anamorphose.com\/wp-content\/uploads\/2024\/01\/Sganarelle@B.ZUGAJ_-300x277.jpg 300w, https:\/\/2024.groupe-anamorphose.com\/wp-content\/uploads\/2024\/01\/Sganarelle@B.ZUGAJ_-768x709.jpg 768w, https:\/\/2024.groupe-anamorphose.com\/wp-content\/uploads\/2024\/01\/Sganarelle@B.ZUGAJ_-1536x1417.jpg 1536w, https:\/\/2024.groupe-anamorphose.com\/wp-content\/uploads\/2024\/01\/Sganarelle@B.ZUGAJ_-2048x1890.jpg 2048w\" sizes=\"auto, (max-width: 1024px) 100vw, 1024px\" \/><\/figure>\n<\/figure>\n","protected":false},"excerpt":{"rendered":"<p>A partir de 12 ans en tout public (repr\u00e9sentation scolaire possible \u00e0 partir du lyc\u00e9e) Une performance solo dans un espace de 3m x 3m, l\u2019acteur-manipulateur travaille l\u2019argile en direct pour donner vie \u00e0 tous les personnages et r\u00e9v\u00e9ler la course effr\u00e9n\u00e9e de Dom Juan. 1 acteur + 1 masque + 4 boules de glaise [&hellip;]<\/p>\n","protected":false},"author":2,"featured_media":0,"parent":0,"menu_order":0,"comment_status":"closed","ping_status":"closed","template":"","meta":{"_themeisle_gutenberg_block_has_review":false,"footnotes":""},"class_list":["post-212","page","type-page","status-publish","hentry"],"_links":{"self":[{"href":"https:\/\/2024.groupe-anamorphose.com\/index.php?rest_route=\/wp\/v2\/pages\/212","targetHints":{"allow":["GET"]}}],"collection":[{"href":"https:\/\/2024.groupe-anamorphose.com\/index.php?rest_route=\/wp\/v2\/pages"}],"about":[{"href":"https:\/\/2024.groupe-anamorphose.com\/index.php?rest_route=\/wp\/v2\/types\/page"}],"author":[{"embeddable":true,"href":"https:\/\/2024.groupe-anamorphose.com\/index.php?rest_route=\/wp\/v2\/users\/2"}],"replies":[{"embeddable":true,"href":"https:\/\/2024.groupe-anamorphose.com\/index.php?rest_route=%2Fwp%2Fv2%2Fcomments&post=212"}],"version-history":[{"count":10,"href":"https:\/\/2024.groupe-anamorphose.com\/index.php?rest_route=\/wp\/v2\/pages\/212\/revisions"}],"predecessor-version":[{"id":492,"href":"https:\/\/2024.groupe-anamorphose.com\/index.php?rest_route=\/wp\/v2\/pages\/212\/revisions\/492"}],"wp:attachment":[{"href":"https:\/\/2024.groupe-anamorphose.com\/index.php?rest_route=%2Fwp%2Fv2%2Fmedia&parent=212"}],"curies":[{"name":"wp","href":"https:\/\/api.w.org\/{rel}","templated":true}]}}