{"id":215,"date":"2023-12-26T12:39:10","date_gmt":"2023-12-26T11:39:10","guid":{"rendered":"https:\/\/groupeanamorphose.local\/?page_id=215"},"modified":"2024-02-16T12:52:26","modified_gmt":"2024-02-16T11:52:26","slug":"demande-a-alma","status":"publish","type":"page","link":"https:\/\/2024.groupe-anamorphose.com\/?page_id=215","title":{"rendered":"Demande \u00e0 Alma !"},"content":{"rendered":"\n<p><\/p>\n\n\n\n<p>A partir de 10 ans en tout public (repr\u00e9sentation scolaire possible \u00e0 partir du coll\u00e8ge : 4eme)<\/p>\n\n\n\n<p>Duo d&rsquo;acteurs et marionnette g\u00e9ante<\/p>\n\n\n\n<p>Cr\u00e9ation 9 janvier 2025 \/\/ Th\u00e9\u00e2tre Ducourneau \u00e0 Agen<\/p>\n\n\n\n<p><\/p>\n\n\n\n<p>Chez Alma, ce n\u2019est plus un appartement\u00a0: c\u2019est une place publique\u00a0! \u00c7a entre et \u00e7a sort constamment. Pour rendre un service, ou lui en demander. Pour avoir son avis sur le futur gendre, trancher un conflit avec la voisine. Et pour remplir les papiers\u00a0: des tas de papiers. Parce qu\u2019Alma, elle ne conna\u00eet pas seulement les quarante nationalit\u00e9s qui vivent dans les tours alentours\u00a0: elle conna\u00eet aussi les quarante institutions qui r\u00e9clament sans arr\u00eat des papiers.\u00a0<\/p>\n\n\n\n<p>Alma, elle a \u00e9t\u00e9 pendant quarante ans clerc de notaire. Elle en a 80 et sa porte est toujours ouverte. D\u2019ailleurs aujourd\u2019hui, elle n\u2019a pas de porte&nbsp;: elle l\u2019a pr\u00eat\u00e9e \u00e0 une voisine pour rallonger la table au mariage de sa fille.&nbsp;<\/p>\n\n\n\n<p>Alma, elle est tellement sollicit\u00e9e qu\u2019elle n\u2019a pas le temps de se lever de son fauteuil&nbsp;: voil\u00e0 quelqu\u2019un qui arrive avec le th\u00e9 et les petits g\u00e2teaux.&nbsp;<\/p>\n\n\n\n<p>Et de toute fa\u00e7on, Alma, elle ne peut plus se lever. Ses jambes l\u2019ont abandonn\u00e9e. Mais \u00e7a, elle le cache&nbsp;: elle a trop peur que sa fille le d\u00e9couvre et l\u2019envoie \u00e0 l\u2019EHPAD. Elle dit que \u00e7a la reposerait de tout ce cirque&nbsp;!&nbsp;<\/p>\n\n\n\n<p>Mais tous ces gens, ils feraient quoi, sans Alma&nbsp;?&nbsp;<\/p>\n\n\n\n<p>Et Alma, elle serait quoi, sans eux&nbsp;?<\/p>\n\n\n\n<p><\/p>\n\n\n\n<p>L\u2019histoire de cette femme, modeste et v\u00e9n\u00e9rable vieille dame, pierre angulaire d\u2019un quartier qui semble tourner autour d\u2019elle, met en jeu une multitude de personnages de divers \u00e2ges, origines et conditions. Cette com\u00e9die se d\u00e9roule dans un quartier populaire r\u00e9duit ici \u00e0 un appartement, pour que s\u2019y percutent joyeusement tous les tracas d\u2019une soci\u00e9t\u00e9 en perp\u00e9tuel d\u00e9s\u00e9quilibre.&nbsp;<\/p>\n\n\n\n<p><\/p>\n\n\n\n<p>Th\u00e9\u00e2tralement, pour exprimer cette dynamique, une com\u00e9dienne endosse tous les personnages en gravitant autour de son partenaire de jeu&nbsp;: une marionnette g\u00e9ante de vieille femme dans son fauteuil.&nbsp;<\/p>\n\n\n\n<p>Ce ballet sera encore \u00e9largi par la pr\u00e9sence de chats, r\u00e9fugi\u00e9s dans le fauteuil de la vieille dame, par les cris de voisins s\u2019interpellant par les fen\u00eatres des tours, ou par des voix de la t\u00e9l\u00e9vision surgissant chaque fois que la vieille Alma confond son t\u00e9l\u00e9phone portable avec la t\u00e9l\u00e9commande.<\/p>\n\n\n\n<p>La marionnette du spectacle est une grande marionnette habitable en position assise. Toutes ses parties sont articul\u00e9es pour que chaque mouvement du manipulateur donne de l\u2019expressivit\u00e9 au personnage. Une s\u00e9rie d\u2019avant-bras sont cach\u00e9s dans son fauteuil, ses mains sont articul\u00e9es de telle sorte qu\u2019elles s\u2019ouvrent ou se ferment selon un mouvement subtil de rotation des avant-bras. Le com\u00e9dien debout dans sa marionnette porte un masque de latex qui exc\u00e9de la taille de son visage, les parties molles du masque amplifient les mouvements de t\u00eate du personnage. La marionnette assise est aussi con\u00e7ue pour pouvoir se lever, r\u00e9v\u00e9lant un personnage de pr\u00e8s de 2,25m de haut. Ce cahier des charges a \u00e9t\u00e9 d\u00e9fini pour donner vie \u00e0 un personnage dr\u00f4le, puissant, surprenant, au jeu rapide et expressif r\u00e9clam\u00e9 par la com\u00e9die.<\/p>\n\n\n\n<p>Le d\u00e9cor est constitu\u00e9 par les murs de l\u2019appartement de la vieille Alma. Ce sont des claustras recouverts de simili papiers peints dont le motif de bandes crois\u00e9es rappelle des barres d\u2019immeubles. Ils ont avant tout une fonction de castelet XXL&nbsp;: un cadre de porte, une entr\u00e9e de couloir, une fen\u00eatre, sont autant de modes d\u2019apparition de la com\u00e9dienne qui retrouve derri\u00e8re les claustras une multitude de costumes et accessoires. Un simple \u00e9l\u00e9ment de costume et un seul accessoire suffisent \u00e0 dessiner chaque nouveau personnage&nbsp;: c\u2019est le jeu du corps et de la voix de la com\u00e9dienne qui fait le reste.&nbsp;<\/p>\n\n\n\n<p>Cette sc\u00e9nographie simple et pleine d\u2019astuces et surprises, a \u00e9t\u00e9 imagin\u00e9e pour r\u00e9pondre au d\u00e9sir d\u2019une com\u00e9die virevoltante, pleine de situations cocasses et entrecrois\u00e9es. Elle a aussi \u00e9t\u00e9 pens\u00e9e pour jouer avec peu de contraintes techniques, en plein feu ou en ext\u00e9rieur, dans un rapport de grande proximit\u00e9 et complicit\u00e9 avec le public.&nbsp;<\/p>\n\n\n\n<p>Chez Alma, il n\u2019y a&nbsp;: ni porte, ni quatri\u00e8me mur.<\/p>\n\n\n\n<p><\/p>\n\n\n\n<h3 class=\"wp-block-heading\">Equipe<\/h3>\n\n\n\n<p>Ecriture, conception marionnette, mise en sc\u00e8ne : Laurent Rogero<br>Collaboration artistique : Elise Servi\u00e8res<br>Jeu : P\u00e9lagie Papillon et Laurent Rogero<\/p>\n\n\n\n<p><\/p>\n\n\n\n<h3 class=\"wp-block-heading\">Conditions d&rsquo;accueil<\/h3>\n\n\n\n<p><\/p>\n\n\n\n<p style=\"line-height:1.5\">Spectacle tout terrain<br>co\u00fbt de cession : 1600 \u20ac ++ frais de d\u00e9pacements au d\u00e9part de Bordeaux et accueil de 2 personnes<br>Tout public : \u00e0 partir de 10 ans<br>Scolaire : d\u00e8s la classe de 4\u00e8me (coll\u00e8ge &amp; lyc\u00e9e)<br>Jauge : Tout public : 300 | Scolaire : 200<br>Besoins techniques<br>Plateau : 6m x 6m x 3m10 (hauteur)<br>Sc\u00e8ne ou gradin<br><br>Temps d\u2019installation<br>montage + pr\u00e9paration : 1h10<\/p>\n\n\n\n<p><\/p>\n\n\n\n<h3 class=\"wp-block-heading\">Dessins de travail<\/h3>\n\n\n\n<figure class=\"wp-block-gallery has-nested-images columns-2 wp-block-gallery-1 is-layout-flex wp-block-gallery-is-layout-flex\">\n<figure class=\"wp-block-image size-large\"><img loading=\"lazy\" decoding=\"async\" width=\"1024\" height=\"721\" data-id=\"432\" src=\"https:\/\/2024.groupe-anamorphose.com\/wp-content\/uploads\/2024\/01\/Capture-decran-2024-01-25-a-18.06.43-1024x721.png\" alt=\"\" class=\"wp-image-432\" srcset=\"https:\/\/2024.groupe-anamorphose.com\/wp-content\/uploads\/2024\/01\/Capture-decran-2024-01-25-a-18.06.43-1024x721.png 1024w, https:\/\/2024.groupe-anamorphose.com\/wp-content\/uploads\/2024\/01\/Capture-decran-2024-01-25-a-18.06.43-300x211.png 300w, https:\/\/2024.groupe-anamorphose.com\/wp-content\/uploads\/2024\/01\/Capture-decran-2024-01-25-a-18.06.43-768x541.png 768w, https:\/\/2024.groupe-anamorphose.com\/wp-content\/uploads\/2024\/01\/Capture-decran-2024-01-25-a-18.06.43.png 1434w\" sizes=\"auto, (max-width: 1024px) 100vw, 1024px\" \/><\/figure>\n\n\n\n<figure class=\"wp-block-image size-large\"><img loading=\"lazy\" decoding=\"async\" width=\"1024\" height=\"720\" data-id=\"434\" src=\"https:\/\/2024.groupe-anamorphose.com\/wp-content\/uploads\/2024\/01\/Capture-decran-2024-01-25-a-18.06.59-1024x720.png\" alt=\"\" class=\"wp-image-434\" srcset=\"https:\/\/2024.groupe-anamorphose.com\/wp-content\/uploads\/2024\/01\/Capture-decran-2024-01-25-a-18.06.59-1024x720.png 1024w, https:\/\/2024.groupe-anamorphose.com\/wp-content\/uploads\/2024\/01\/Capture-decran-2024-01-25-a-18.06.59-300x211.png 300w, https:\/\/2024.groupe-anamorphose.com\/wp-content\/uploads\/2024\/01\/Capture-decran-2024-01-25-a-18.06.59-768x540.png 768w, https:\/\/2024.groupe-anamorphose.com\/wp-content\/uploads\/2024\/01\/Capture-decran-2024-01-25-a-18.06.59.png 1454w\" sizes=\"auto, (max-width: 1024px) 100vw, 1024px\" \/><\/figure>\n\n\n\n<figure class=\"wp-block-image size-large\"><img loading=\"lazy\" decoding=\"async\" width=\"729\" height=\"1024\" data-id=\"435\" src=\"https:\/\/2024.groupe-anamorphose.com\/wp-content\/uploads\/2024\/01\/Capture-decran-2024-01-25-a-18.07.30-729x1024.png\" alt=\"\" class=\"wp-image-435\" srcset=\"https:\/\/2024.groupe-anamorphose.com\/wp-content\/uploads\/2024\/01\/Capture-decran-2024-01-25-a-18.07.30-729x1024.png 729w, https:\/\/2024.groupe-anamorphose.com\/wp-content\/uploads\/2024\/01\/Capture-decran-2024-01-25-a-18.07.30-214x300.png 214w, https:\/\/2024.groupe-anamorphose.com\/wp-content\/uploads\/2024\/01\/Capture-decran-2024-01-25-a-18.07.30-768x1079.png 768w, https:\/\/2024.groupe-anamorphose.com\/wp-content\/uploads\/2024\/01\/Capture-decran-2024-01-25-a-18.07.30-1093x1536.png 1093w, https:\/\/2024.groupe-anamorphose.com\/wp-content\/uploads\/2024\/01\/Capture-decran-2024-01-25-a-18.07.30.png 1388w\" sizes=\"auto, (max-width: 729px) 100vw, 729px\" \/><\/figure>\n\n\n\n<figure class=\"wp-block-image size-large\"><img loading=\"lazy\" decoding=\"async\" width=\"736\" height=\"1024\" data-id=\"433\" src=\"https:\/\/2024.groupe-anamorphose.com\/wp-content\/uploads\/2024\/01\/Capture-decran-2024-01-25-a-18.07.49-736x1024.png\" alt=\"\" class=\"wp-image-433\" srcset=\"https:\/\/2024.groupe-anamorphose.com\/wp-content\/uploads\/2024\/01\/Capture-decran-2024-01-25-a-18.07.49-736x1024.png 736w, https:\/\/2024.groupe-anamorphose.com\/wp-content\/uploads\/2024\/01\/Capture-decran-2024-01-25-a-18.07.49-216x300.png 216w, https:\/\/2024.groupe-anamorphose.com\/wp-content\/uploads\/2024\/01\/Capture-decran-2024-01-25-a-18.07.49-768x1068.png 768w, https:\/\/2024.groupe-anamorphose.com\/wp-content\/uploads\/2024\/01\/Capture-decran-2024-01-25-a-18.07.49-1104x1536.png 1104w, https:\/\/2024.groupe-anamorphose.com\/wp-content\/uploads\/2024\/01\/Capture-decran-2024-01-25-a-18.07.49.png 1366w\" sizes=\"auto, (max-width: 736px) 100vw, 736px\" \/><\/figure>\n\n\n\n<figure class=\"wp-block-image size-large\"><img loading=\"lazy\" decoding=\"async\" width=\"759\" height=\"1024\" data-id=\"431\" src=\"https:\/\/2024.groupe-anamorphose.com\/wp-content\/uploads\/2024\/01\/Capture-decran-2024-01-25-a-18.08.03-759x1024.png\" alt=\"\" class=\"wp-image-431\" srcset=\"https:\/\/2024.groupe-anamorphose.com\/wp-content\/uploads\/2024\/01\/Capture-decran-2024-01-25-a-18.08.03-759x1024.png 759w, https:\/\/2024.groupe-anamorphose.com\/wp-content\/uploads\/2024\/01\/Capture-decran-2024-01-25-a-18.08.03-222x300.png 222w, https:\/\/2024.groupe-anamorphose.com\/wp-content\/uploads\/2024\/01\/Capture-decran-2024-01-25-a-18.08.03-768x1036.png 768w, https:\/\/2024.groupe-anamorphose.com\/wp-content\/uploads\/2024\/01\/Capture-decran-2024-01-25-a-18.08.03-1138x1536.png 1138w, https:\/\/2024.groupe-anamorphose.com\/wp-content\/uploads\/2024\/01\/Capture-decran-2024-01-25-a-18.08.03.png 1386w\" sizes=\"auto, (max-width: 759px) 100vw, 759px\" \/><\/figure>\n\n\n\n<figure class=\"wp-block-image size-large\"><img loading=\"lazy\" decoding=\"async\" width=\"1024\" height=\"711\" data-id=\"430\" src=\"https:\/\/2024.groupe-anamorphose.com\/wp-content\/uploads\/2024\/01\/Capture-decran-2024-01-25-a-18.08.16-1024x711.png\" alt=\"\" class=\"wp-image-430\" srcset=\"https:\/\/2024.groupe-anamorphose.com\/wp-content\/uploads\/2024\/01\/Capture-decran-2024-01-25-a-18.08.16-1024x711.png 1024w, https:\/\/2024.groupe-anamorphose.com\/wp-content\/uploads\/2024\/01\/Capture-decran-2024-01-25-a-18.08.16-300x208.png 300w, https:\/\/2024.groupe-anamorphose.com\/wp-content\/uploads\/2024\/01\/Capture-decran-2024-01-25-a-18.08.16-768x533.png 768w, https:\/\/2024.groupe-anamorphose.com\/wp-content\/uploads\/2024\/01\/Capture-decran-2024-01-25-a-18.08.16.png 1348w\" sizes=\"auto, (max-width: 1024px) 100vw, 1024px\" \/><\/figure>\n<\/figure>\n","protected":false},"excerpt":{"rendered":"<p>A partir de 10 ans en tout public (repr\u00e9sentation scolaire possible \u00e0 partir du coll\u00e8ge : 4eme) Duo d&rsquo;acteurs et marionnette g\u00e9ante Cr\u00e9ation 9 janvier 2025 \/\/ Th\u00e9\u00e2tre Ducourneau \u00e0 Agen Chez Alma, ce n\u2019est plus un appartement\u00a0: c\u2019est une place publique\u00a0! \u00c7a entre et \u00e7a sort constamment. Pour rendre un service, ou lui en [&hellip;]<\/p>\n","protected":false},"author":2,"featured_media":0,"parent":0,"menu_order":0,"comment_status":"closed","ping_status":"closed","template":"","meta":{"_themeisle_gutenberg_block_has_review":false,"footnotes":""},"class_list":["post-215","page","type-page","status-publish","hentry"],"_links":{"self":[{"href":"https:\/\/2024.groupe-anamorphose.com\/index.php?rest_route=\/wp\/v2\/pages\/215","targetHints":{"allow":["GET"]}}],"collection":[{"href":"https:\/\/2024.groupe-anamorphose.com\/index.php?rest_route=\/wp\/v2\/pages"}],"about":[{"href":"https:\/\/2024.groupe-anamorphose.com\/index.php?rest_route=\/wp\/v2\/types\/page"}],"author":[{"embeddable":true,"href":"https:\/\/2024.groupe-anamorphose.com\/index.php?rest_route=\/wp\/v2\/users\/2"}],"replies":[{"embeddable":true,"href":"https:\/\/2024.groupe-anamorphose.com\/index.php?rest_route=%2Fwp%2Fv2%2Fcomments&post=215"}],"version-history":[{"count":10,"href":"https:\/\/2024.groupe-anamorphose.com\/index.php?rest_route=\/wp\/v2\/pages\/215\/revisions"}],"predecessor-version":[{"id":521,"href":"https:\/\/2024.groupe-anamorphose.com\/index.php?rest_route=\/wp\/v2\/pages\/215\/revisions\/521"}],"wp:attachment":[{"href":"https:\/\/2024.groupe-anamorphose.com\/index.php?rest_route=%2Fwp%2Fv2%2Fmedia&parent=215"}],"curies":[{"name":"wp","href":"https:\/\/api.w.org\/{rel}","templated":true}]}}