{"id":216,"date":"2023-12-26T12:39:51","date_gmt":"2023-12-26T11:39:51","guid":{"rendered":"https:\/\/groupeanamorphose.local\/?page_id=216"},"modified":"2024-02-16T13:04:12","modified_gmt":"2024-02-16T12:04:12","slug":"limpromptu","status":"publish","type":"page","link":"https:\/\/2024.groupe-anamorphose.com\/?page_id=216","title":{"rendered":"L&rsquo;impromptu : Moli\u00e8re \/ Corneille"},"content":{"rendered":"\n<p>A partir de 14 ans en tout public (repr\u00e9sentation scolaire possible \u00e0 partir du lyc\u00e9e)<\/p>\n\n\n\n<p><\/p>\n\n\n\n<h2 id=\"wp-block-themeisle-blocks-advanced-heading-652ce755\" class=\"wp-block-themeisle-blocks-advanced-heading wp-block-themeisle-blocks-advanced-heading-652ce755\"><strong>La rencontre autour du <em>Cid<\/em><\/strong><\/h2>\n\n\n\n<figure class=\"wp-block-image size-large\"><img loading=\"lazy\" decoding=\"async\" width=\"1024\" height=\"683\" src=\"https:\/\/2024.groupe-anamorphose.com\/wp-content\/uploads\/2023\/12\/Corneille-Moliere@Anamorphose-1024x683.jpg\" alt=\"\" class=\"wp-image-261\" srcset=\"https:\/\/2024.groupe-anamorphose.com\/wp-content\/uploads\/2023\/12\/Corneille-Moliere@Anamorphose-1024x683.jpg 1024w, https:\/\/2024.groupe-anamorphose.com\/wp-content\/uploads\/2023\/12\/Corneille-Moliere@Anamorphose-300x200.jpg 300w, https:\/\/2024.groupe-anamorphose.com\/wp-content\/uploads\/2023\/12\/Corneille-Moliere@Anamorphose-768x512.jpg 768w, https:\/\/2024.groupe-anamorphose.com\/wp-content\/uploads\/2023\/12\/Corneille-Moliere@Anamorphose-1536x1024.jpg 1536w, https:\/\/2024.groupe-anamorphose.com\/wp-content\/uploads\/2023\/12\/Corneille-Moliere@Anamorphose-2048x1365.jpg 2048w\" sizes=\"auto, (max-width: 1024px) 100vw, 1024px\" \/><\/figure>\n\n\n\n<p>Com\u00e9die en un acte \u00e9crite par Laurent Rogero, pens\u00e9e pour \u00eatre jou\u00e9e dans des conditions \u00ab tout terrain \u00bb hors des salles de spectacle :<br>&#8211; en plein jour<br>&#8211; sans moyens techniques particulier.<br>&#8211; sp\u00e9cialement pour une petite jauge (salle de classe, m\u00e9diath\u00e8que, rencontre litt\u00e9raire\u2026)<\/p>\n\n\n\n<h3 id=\"wp-block-themeisle-blocks-advanced-heading-40adc55e\" class=\"wp-block-themeisle-blocks-advanced-heading wp-block-themeisle-blocks-advanced-heading-40adc55e\"><strong>L<\/strong>e contexte historique<\/h3>\n\n\n\n<p>Rouen, \u00e9t\u00e9 1658. Corneille a 52 ans, il est p\u00e8re de six enfants. Il travaille pour compenser la perte de sa place de procureur g\u00e9n\u00e9ral des \u00e9tats de Normandie. Il \u00e9crit des commentaires de ses pi\u00e8ces qui agr\u00e9menteront leur prochaine r\u00e9\u00e9dition. Il a quasiment renonc\u00e9 au th\u00e9\u00e2tre depuis l\u2019\u00e9chec de <em>Pertharite<\/em>. La trag\u00e9die n\u2019est plus \u00e0 la mode.<br>Rouen, \u00e9t\u00e9 1658. Moli\u00e8re a 36 ans. La troupe dans laquelle il joue a r\u00e9cemment perdu la protection du prince de Conti. Les tourn\u00e9es provinciales sont devenues trop pr\u00e9caires : tout en jouant dans la salle du jeu de paume, Moli\u00e8re et Madeleine B\u00e9jart font des voyages \u00e0 Paris pour y trouver une salle, et surtout un nouveau protecteur. Cet \u00e9t\u00e9-l\u00e0, a forc\u00e9ment eu lieu la rencontre de celui qui n\u2019\u00e9tait plus vraiment Corneille, avec celui qui n\u2019\u00e9tait pas encore Moli\u00e8re. Comme nous n\u2019avons pas de t\u00e9moignage de cette rencontre, nous ne pouvons que l\u2019imaginer&#8230; <\/p>\n\n\n\n<p><\/p>\n\n\n\n<h3 id=\"wp-block-themeisle-blocks-advanced-heading-5e537352\" class=\"wp-block-themeisle-blocks-advanced-heading wp-block-themeisle-blocks-advanced-heading-5e537352\"><strong>L<\/strong>&lsquo;intrigue de la com\u00e9die <\/h3>\n\n\n\n<p>Moli\u00e8re, admirateur de Corneille, se pr\u00e9sente \u00e0 son domicile et lui offre une \u00e9dition de th\u00e9\u00e2tre baroque espagnol. Il lui raconte comment sa vocation de th\u00e9\u00e2tre lui est venue \u00e0 quinze ans, lorsqu\u2019il a assist\u00e9 \u00e0 la cr\u00e9ation du <em>Cid<\/em>. Il tente de charmer Corneille pour le convaincre d\u2019\u00e9crire une nouvelle tragi-com\u00e9die, et de la confier \u00e0 la troupe dans laquelle il joue, de fa\u00e7on \u00e0 leur garantir un succ\u00e8s lors de leur prochaine installation \u00e0 Paris. Mais Corneille ne l\u2019entend pas ainsi. Il reste fid\u00e8le \u00e0 la troupe du th\u00e9\u00e2tre du Marais, il a perdu confiance dans le th\u00e9\u00e2tre, et il m\u00e9prise d\u00e9sormais la com\u00e9die. Corneille s\u2019amuse \u00e0 donner la r\u00e9plique \u00e0 Moli\u00e8re qui r\u00e9cite des passages du <em>Cid<\/em>. Puis il se pique au jeu de la dispute sur l\u2019\u00e9tat du th\u00e9\u00e2tre fran\u00e7ais. Mais il finit par s\u2019agacer d\u2019entendre ce farceur provincial pr\u00e9tendre redorer le blason us\u00e9 du grand auteur. Et le ton monte&#8230; <\/p>\n\n\n\n<p><\/p>\n\n\n\n<h3 id=\"wp-block-themeisle-blocks-advanced-heading-77583e34\" class=\"wp-block-themeisle-blocks-advanced-heading wp-block-themeisle-blocks-advanced-heading-77583e34\">Les sujets abord\u00e9s<\/h3>\n\n\n\n<p><\/p>\n\n\n\n<p><strong><em>Le Cid <\/em><\/strong>est le texte pr\u00e9texte \u00e0 cette rencontre entre Corneille et Moli\u00e8re.<br>Plusieurs extraits de sc\u00e8nes de la premi\u00e8re version du texte sont jou\u00e9s par les deux auteurs : une mani\u00e8re d\u2019aborder les notions de th\u00e9\u00e2tre baroque, de tragi-com\u00e9die, trag\u00e9die et com\u00e9die. Il est aussi question de l\u2019Acad\u00e9mie fran\u00e7aise, des r\u00e8gles classiques, de l\u2019influence du contexte historique et politique sur la cr\u00e9ation artistique, etc.<br>Mais <strong>le principal sujet est l\u2019influence que les cr\u00e9ateurs peuvent avoir les uns sur les autres<\/strong>. L\u2019Histoire ne dit pas ce qui s\u2019est pass\u00e9 entre Corneille et Moli\u00e8re cet \u00e9t\u00e9 1658 mais \u2013 hasard ou destin ? \u2013 l\u2019ann\u00e9e qui suivit cette rencontre vit le grand retour de Corneille sur la sc\u00e8ne parisienne, et le d\u00e9but des succ\u00e8s de Moli\u00e8re. On verra ici \u00e0 quoi cela tenait&#8230; <\/p>\n\n\n\n<p><\/p>\n\n\n\n<h3 id=\"wp-block-themeisle-blocks-advanced-heading-1179bbd3\" class=\"wp-block-themeisle-blocks-advanced-heading wp-block-themeisle-blocks-advanced-heading-1179bbd3\">L&rsquo;\u00e9quipe<\/h3>\n\n\n\n<p>jeu \/ Elise Servi\u00e8res &amp; Laurent Rogero<\/p>\n\n\n\n<blockquote class=\"wp-block-quote is-layout-flow wp-block-quote-is-layout-flow\">\n<p><strong>Prologue<\/strong> (extrait)<\/p>\n\n\n\n<p style=\"font-size:14px\">Elise &#8211; Maintenant, imaginons. C\u2019est l\u2019\u00e9t\u00e9 1658, en Normandie. Nous sommes \u00e0 Rouen, dans la maison de Corneille.<br>Laurent &#8211; \u00c7a fait longtemps que Corneille ne pense plus au Cid : il l\u2019a \u00e9crit il y a pr\u00e8s de vingt ans, maintenant il a cinquante deux ans, ses derni\u00e8res pi\u00e8ces \u00e0 Paris ont \u00e9t\u00e9 des \u00e9checs, il y a perdu beaucoup d\u2019argent, il a pratiquement renonc\u00e9 au th\u00e9\u00e2tre, il gagne sa vie en faisant de la traduction.<br>Elise &#8211; Pendant ce temps, Moli\u00e8re, qui a seize ans de moins que Corneille, apprend son m\u00e9tier d\u2019acteur en sillonnant les campagnes fran\u00e7aises. Il est encore un auteur d\u00e9butant.<br>Laurent &#8211; Et c\u2019est un fan de Corneille.<br>Elise &#8211; Cet \u00e9t\u00e9 1658, la troupe de Moli\u00e8re s\u2019est arr\u00eat\u00e9e pour jouer \u00e0 Rouen : la ville de Corneille.<br>Laurent &#8211; Imaginons que je suis Corneille.<br>Elise &#8211; Imaginons que je suis Moli\u00e8re.<br>Elise sort. Laurent s\u2019installe au bureau et \u00e9crit.<\/p>\n<\/blockquote>\n\n\n\n<p><\/p>\n\n\n\n<h3 id=\"wp-block-themeisle-blocks-advanced-heading-dad7bd80\" class=\"wp-block-themeisle-blocks-advanced-heading wp-block-themeisle-blocks-advanced-heading-dad7bd80\"><strong>Conditions d&rsquo;accueil<\/strong><\/h3>\n\n\n\n<p>Proposition d\u2019\u00e9ducation artistique &#8211; lyc\u00e9e (id\u00e9alement pour 1 classe, au max : 2 classes)<\/p>\n\n\n\n<p>Lieu : salle de classe, m\u00e9diath\u00e8que, ext\u00e9rieur<br>Mat\u00e9riel : 1 table et 2 chaises<br>Dur\u00e9e : 40min<\/p>\n\n\n\n<p>Pour une programmation en \u00e9tablissement scolaire :<br>forfait pour 1 journ\u00e9e d\u2019intervention (1 ou 2 s\u00e9ances suivies d\u2019un \u00e9change) : 800 \u20ac ++ frais de d\u00e9placements au d\u00e9part de Bordeaux et accueil de 2 personnes<\/p>\n\n\n\n<p>Pour une programmation en m\u00e9diath\u00e8que, salon du livre., etc :<br>1 s\u00e9ance + \u00e9change avec le public : 800 \u20ac++ frais de d\u00e9placements au d\u00e9part de Bordeaux et accueil de 2 personnes<\/p>\n\n\n\n<p> <\/p>\n\n\n\n<p><\/p>\n\n\n\n<p><\/p>\n","protected":false},"excerpt":{"rendered":"<p>A partir de 14 ans en tout public (repr\u00e9sentation scolaire possible \u00e0 partir du lyc\u00e9e) Com\u00e9die en un acte \u00e9crite par Laurent Rogero, pens\u00e9e pour \u00eatre jou\u00e9e dans des conditions \u00ab tout terrain \u00bb hors des salles de spectacle :&#8211; en plein jour&#8211; sans moyens techniques particulier.&#8211; sp\u00e9cialement pour une petite jauge (salle de classe, [&hellip;]<\/p>\n","protected":false},"author":2,"featured_media":0,"parent":0,"menu_order":0,"comment_status":"closed","ping_status":"closed","template":"","meta":{"_themeisle_gutenberg_block_has_review":false,"footnotes":""},"class_list":["post-216","page","type-page","status-publish","hentry"],"_links":{"self":[{"href":"https:\/\/2024.groupe-anamorphose.com\/index.php?rest_route=\/wp\/v2\/pages\/216","targetHints":{"allow":["GET"]}}],"collection":[{"href":"https:\/\/2024.groupe-anamorphose.com\/index.php?rest_route=\/wp\/v2\/pages"}],"about":[{"href":"https:\/\/2024.groupe-anamorphose.com\/index.php?rest_route=\/wp\/v2\/types\/page"}],"author":[{"embeddable":true,"href":"https:\/\/2024.groupe-anamorphose.com\/index.php?rest_route=\/wp\/v2\/users\/2"}],"replies":[{"embeddable":true,"href":"https:\/\/2024.groupe-anamorphose.com\/index.php?rest_route=%2Fwp%2Fv2%2Fcomments&post=216"}],"version-history":[{"count":6,"href":"https:\/\/2024.groupe-anamorphose.com\/index.php?rest_route=\/wp\/v2\/pages\/216\/revisions"}],"predecessor-version":[{"id":499,"href":"https:\/\/2024.groupe-anamorphose.com\/index.php?rest_route=\/wp\/v2\/pages\/216\/revisions\/499"}],"wp:attachment":[{"href":"https:\/\/2024.groupe-anamorphose.com\/index.php?rest_route=%2Fwp%2Fv2%2Fmedia&parent=216"}],"curies":[{"name":"wp","href":"https:\/\/api.w.org\/{rel}","templated":true}]}}