{"id":23,"date":"2023-01-20T15:54:09","date_gmt":"2023-01-20T14:54:09","guid":{"rendered":"https:\/\/groupeanamorphose.local\/?page_id=23"},"modified":"2024-02-16T13:05:32","modified_gmt":"2024-02-16T12:05:32","slug":"lequipe","status":"publish","type":"page","link":"https:\/\/2024.groupe-anamorphose.com\/?page_id=23","title":{"rendered":"L&rsquo;\u00e9quipe"},"content":{"rendered":"\n<div id=\"wp-block-themeisle-blocks-advanced-columns-07f9e39b\" class=\"wp-block-themeisle-blocks-advanced-columns alignfull has-1-columns has-desktop-equal-layout has-tablet-equal-layout has-mobile-collapsedRows-layout has-vertical-center ticss-c00aadba\"><div class=\"wp-block-themeisle-blocks-advanced-columns-overlay\"><\/div><div class=\"innerblocks-wrap\">\n<div id=\"wp-block-themeisle-blocks-advanced-column-9bce96d7\" class=\"wp-block-themeisle-blocks-advanced-column\">\n<figure class=\"wp-block-image aligncenter size-thumbnail is-resized is-style-rounded\"><img loading=\"lazy\" decoding=\"async\" width=\"588\" height=\"587\" src=\"https:\/\/2024.groupe-anamorphose.com\/wp-content\/uploads\/2023\/12\/Capture-decran-2023-12-13-a-18.20.47-edited.png\" alt=\"\" class=\"wp-image-187\" style=\"width:180px\" srcset=\"https:\/\/2024.groupe-anamorphose.com\/wp-content\/uploads\/2023\/12\/Capture-decran-2023-12-13-a-18.20.47-edited.png 588w, https:\/\/2024.groupe-anamorphose.com\/wp-content\/uploads\/2023\/12\/Capture-decran-2023-12-13-a-18.20.47-edited-300x300.png 300w, https:\/\/2024.groupe-anamorphose.com\/wp-content\/uploads\/2023\/12\/Capture-decran-2023-12-13-a-18.20.47-edited-150x150.png 150w\" sizes=\"auto, (max-width: 588px) 100vw, 588px\" \/><\/figure>\n\n\n\n<p id=\"wp-block-themeisle-blocks-advanced-heading-63134771\" class=\"wp-block-themeisle-blocks-advanced-heading wp-block-themeisle-blocks-advanced-heading-63134771\"><strong>Auteur, com\u00c9dien, metteur en scene<\/strong><\/p>\n\n\n\n<h2 id=\"wp-block-themeisle-blocks-advanced-heading-bbda2e30\" class=\"wp-block-themeisle-blocks-advanced-heading wp-block-themeisle-blocks-advanced-heading-bbda2e30\">Laurent Rogero<\/h2>\n\n\n\n<p class=\"has-text-align-center\" style=\"line-height:1.4\">Laurent Rogero est n\u00e9 en 1970. Il a suivi une formation de com\u00e9dien au Conservatoire de Bordeaux puis au Conservatoire National Sup\u00e9rieur d\u2019Art Dramatique de Paris (1993-1997). Il cofonde le groupe Anamorphose en 1994 \u00e0 Bordeaux&nbsp;: l\u2019\u00e9quipe est accueillie en r\u00e9sidence au CDN de Bordeaux (Th\u00e9\u00e2tre du Port de la Lune) de 1998 \u00e0 2001. Il commence par mettre en sc\u00e8ne des auteurs populaires du XX\u00e8me si\u00e8cle. Cherchant un rapport plus intime entre acteurs et spectateurs, il d\u00e9cide d\u2019\u00e9crire pour la sc\u00e8ne, associant pr\u00e9occupations dramaturgiques (travail sur les mythes, les contes) et esth\u00e9tiques (travail sur le corps de l\u2019acteur, la marionnette). La compagnie sort du th\u00e9\u00e2tre, tourne dans les communes rurales, se dote d\u2019un th\u00e9\u00e2tre itin\u00e9rant&nbsp;: un man\u00e8ge de bois cern\u00e9 de gradins. Le jeu incarn\u00e9, la manipulation d\u2019objets, la surprise visuelle, la relation avec les spectateurs, le plaisir des mots, sont des points forts de la compagnie. Ces derni\u00e8res ann\u00e9es, le groupe Anamorphose a mis \u00e0 l\u2019honneur de grands textes, th\u00e9\u00e2traux ou non (Dom Juan, Don Quichotte, La petite Sir\u00e8ne, Ulysse) pour rapprocher connaisseurs et novices dans la red\u00e9couverte des classiques. Actuellement, il travaille sur des grands th\u00e8mes de l\u2019actualit\u00e9, abord\u00e9s comme les grands mythes modernes. Le prochain sujet sera celui de la vie dans un \u00ab&nbsp;quartier sensible&nbsp;\u00bb.<\/p>\n<\/div>\n<\/div><\/div>\n\n\n\n<div id=\"wp-block-themeisle-blocks-advanced-columns-d87d87fb\" class=\"wp-block-themeisle-blocks-advanced-columns alignfull has-1-columns has-desktop-equal-layout has-tablet-equal-layout has-mobile-collapsedRows-layout has-vertical-top ticss-c00aadba\"><div class=\"wp-block-themeisle-blocks-advanced-columns-overlay\"><\/div><div class=\"innerblocks-wrap\">\n<div id=\"wp-block-themeisle-blocks-advanced-column-60dad16e\" class=\"wp-block-themeisle-blocks-advanced-column\">\n<div id=\"wp-block-themeisle-blocks-advanced-columns-d2e20cf0\" class=\"wp-block-themeisle-blocks-advanced-columns has-1-columns has-desktop-equal-layout has-tablet-equal-layout has-mobile-equal-layout has-vertical-center\"><div class=\"wp-block-themeisle-blocks-advanced-columns-overlay\"><\/div><div class=\"innerblocks-wrap\">\n<div id=\"wp-block-themeisle-blocks-advanced-column-05d18d48\" class=\"wp-block-themeisle-blocks-advanced-column\">\n<h2 id=\"wp-block-themeisle-blocks-advanced-heading-56285a16\" class=\"wp-block-themeisle-blocks-advanced-heading wp-block-themeisle-blocks-advanced-heading-56285a16\"><\/h2>\n<\/div>\n<\/div><\/div>\n\n\n\n<div id=\"wp-block-themeisle-blocks-advanced-columns-be71e345\" class=\"wp-block-themeisle-blocks-advanced-columns has-4-columns has-desktop-equal-layout has-tablet-twoColumnGrid-layout has-mobile-collapsedRows-layout has-vertical-top\"><div class=\"wp-block-themeisle-blocks-advanced-columns-overlay\"><\/div><div class=\"innerblocks-wrap\">\n<div id=\"wp-block-themeisle-blocks-advanced-column-e373838a\" class=\"wp-block-themeisle-blocks-advanced-column\">\n<figure class=\"wp-block-image size-thumbnail is-resized is-style-rounded\"><img loading=\"lazy\" decoding=\"async\" width=\"226\" height=\"255\" src=\"https:\/\/2024.groupe-anamorphose.com\/wp-content\/uploads\/2023\/12\/Portrait767911117-edited-3.jpg\" alt=\"\" class=\"wp-image-156\" style=\"aspect-ratio:1;object-fit:cover;width:180px\"\/><\/figure>\n\n\n\n<h3 id=\"wp-block-themeisle-blocks-advanced-heading-a0f377e3\" class=\"wp-block-themeisle-blocks-advanced-heading wp-block-themeisle-blocks-advanced-heading-a0f377e3\">Elise Servi\u00e8res&nbsp;<\/h3>\n\n\n\n<p id=\"wp-block-themeisle-blocks-advanced-heading-22009bd8\" class=\"wp-block-themeisle-blocks-advanced-heading wp-block-themeisle-blocks-advanced-heading-22009bd8\"><strong>Com\u00e9dienne<\/strong><\/p>\n\n\n\n<p style=\"line-height:1.4\">Apr\u00e8s des \u00e9tudes de lettres modernes, Elise se forme au conservatoire de Bordeaux dont elle sort en 2012.<\/p>\n\n\n\n<p style=\"line-height:1.4\">Elle travaille alors avec Luc Cognet (<em>Le bruit des os qui craquent<\/em>, Suzanne Lebeau, <em>Que sont nos avenirs devenus<\/em>, Adeline David, <em>la trilogie de la guerre<\/em>, Eschyle). <\/p>\n\n\n\n<p style=\"line-height:1.4\">Elle commence en 2017 une collaboration au long cours avec le Groupe Anamorphose &#8211; Laurent Rogero avec lequel elle cr\u00e9e quatre spectacles : <em>Peer Gynt <\/em>d&rsquo;Ibsen en 2017, <em>Mythologie, le destin de Pers\u00e9e<\/em> en 2018, <em>Sauvage<\/em> en 2021, et <em>Ulysse ou l&rsquo;impossible retour<\/em> en 2023. <\/p>\n\n\n\n<p style=\"line-height:1.4\">Elle s&rsquo;engage en parall\u00e8le aupr\u00e8s de la Fabrique autonome des acteurs et Daria Lippi \u00e0 Bataville, o\u00f9 elle poursuit plusieurs stages et r\u00e9flexions en \u00e9quipe (\u00e9thologues, acteurs, neuroscientifiques, chor\u00e9graphe) qui aboutiront \u00e0 un film <em>Quand nous serons seuls<\/em>, r\u00e9alis\u00e9 par Michele Cinque, et un spectacle <em>L&rsquo;expression du Tigre face au moucheron<\/em>, mis en sc\u00e8ne par Daria Lippi et cr\u00e9\u00e9 en 2020 au CDN de Thionville. Son parcours l&rsquo;am\u00e8ne \u00e0 travailler avec l&rsquo;auteur et metteur en sc\u00e8ne Arnaud Poujol (<em>O.D.A., deux Marguerite ne font pas le printemps, Je dis Elle<\/em>), le musicien Herv\u00e9 Rigaud, qu&rsquo;elle accompagne \u00e0 la voix et au violon dans <em>La coquille ou le son du gibet<\/em>, concert d&rsquo;apr\u00e8s des po\u00e8mes de Fran\u00e7ois Villon. Elle travaille aussi comme interpr\u00e8te aupr\u00e8s du jeune public avec Les Lubies \u2013 Sonia Millot et Vincent Nadal, avec lesquels elle cr\u00e9e <em>Ravie<\/em> de Sandrine Roche mais aussi Jean-Luc Terrade et Benjamin Ducrocq (<em>Le gardien des ombres<\/em> de Nathalie Papin et <em>l&rsquo;Envol Perdu<\/em>, d&rsquo;apr\u00e8s Tchekhov).<\/p>\n\n\n\n<p style=\"line-height:1.4\">Joue dans <em>Mythologie<\/em>, dans <em>Ulysse<\/em>, dans <em>Sauvage<\/em>, elle collabore \u00e0 la cr\u00e9ation <em>d&rsquo;Alma<\/em>.<\/p>\n\n\n\n<p class=\"has-text-align-left\" style=\"line-height:1.5\"><\/p>\n\n\n\n<figure class=\"wp-block-image size-full is-resized is-style-rounded\"><img loading=\"lazy\" decoding=\"async\" width=\"334\" height=\"334\" src=\"https:\/\/2024.groupe-anamorphose.com\/wp-content\/uploads\/2023\/12\/1517502825422.jpeg\" alt=\"\" class=\"wp-image-165\" style=\"width:180px\" srcset=\"https:\/\/2024.groupe-anamorphose.com\/wp-content\/uploads\/2023\/12\/1517502825422.jpeg 334w, https:\/\/2024.groupe-anamorphose.com\/wp-content\/uploads\/2023\/12\/1517502825422-300x300.jpeg 300w, https:\/\/2024.groupe-anamorphose.com\/wp-content\/uploads\/2023\/12\/1517502825422-150x150.jpeg 150w\" sizes=\"auto, (max-width: 334px) 100vw, 334px\" \/><\/figure>\n\n\n\n<h3 id=\"wp-block-themeisle-blocks-advanced-heading-8e760011\" class=\"wp-block-themeisle-blocks-advanced-heading wp-block-themeisle-blocks-advanced-heading-8e760011\">St\u00e9phane Le Sauce<\/h3>\n\n\n\n<p><strong>R\u00c9GISSEUR<\/strong><\/p>\n\n\n\n<p><\/p>\n\n\n\n<p style=\"line-height:1.4\">St\u00e9phane est associ\u00e9 \u00e0 la plupart des cr\u00e9ations du groupe Anamorphose depuis 2007, \u00e0 la cr\u00e9ation lumi\u00e8re et\/ou \u00e0 la r\u00e9gie g\u00e9n\u00e9rale.<\/p>\n\n\n\n<h3 id=\"wp-block-themeisle-blocks-advanced-heading-cb3fc47f\" class=\"wp-block-themeisle-blocks-advanced-heading wp-block-themeisle-blocks-advanced-heading-cb3fc47f\">&nbsp;<\/h3>\n\n\n\n<p>&nbsp;<\/p>\n<\/div>\n\n\n\n<div id=\"wp-block-themeisle-blocks-advanced-column-956fcf84\" class=\"wp-block-themeisle-blocks-advanced-column\">\n<figure class=\"wp-block-image size-full is-resized is-style-rounded\"><img loading=\"lazy\" decoding=\"async\" width=\"271\" height=\"271\" src=\"https:\/\/2024.groupe-anamorphose.com\/wp-content\/uploads\/2023\/12\/gloria-da-queija-intervenante-improvisation-theatrale-decalez-550x413-1-edited-5.jpg\" alt=\"\" class=\"wp-image-161\" style=\"aspect-ratio:0.994475138121547;object-fit:contain;width:180px\" srcset=\"https:\/\/2024.groupe-anamorphose.com\/wp-content\/uploads\/2023\/12\/gloria-da-queija-intervenante-improvisation-theatrale-decalez-550x413-1-edited-5.jpg 271w, https:\/\/2024.groupe-anamorphose.com\/wp-content\/uploads\/2023\/12\/gloria-da-queija-intervenante-improvisation-theatrale-decalez-550x413-1-edited-5-150x150.jpg 150w\" sizes=\"auto, (max-width: 271px) 100vw, 271px\" \/><\/figure>\n\n\n\n<h3 id=\"wp-block-themeisle-blocks-advanced-heading-16fc6df3\" class=\"wp-block-themeisle-blocks-advanced-heading wp-block-themeisle-blocks-advanced-heading-16fc6df3\">Gloria Da Queija<\/h3>\n\n\n\n<p id=\"wp-block-themeisle-blocks-advanced-heading-1c8a5fcf\" class=\"wp-block-themeisle-blocks-advanced-heading wp-block-themeisle-blocks-advanced-heading-1c8a5fcf\"><strong>COM\u00c9DIENNE<\/strong><\/p>\n\n\n\n<p class=\"has-text-align-left\" style=\"line-height:1.4\">Passionn\u00e9e de spectacle vivant depuis l\u2019enfance, elle s\u2019initie tr\u00e8s t\u00f4t \u00e0 diff\u00e9rentes formes artistiques (th\u00e9\u00e2tre, musique, danse, cirque) et suit des \u00e9tudes th\u00e9\u00e2trales \u00e0 l\u2019universit\u00e9 Michel de Montaigne \u2013 Bordeaux 3. Elle devient ensuite professeur des \u00e9coles tout en continuant \u00e0 participer \u00e0 des projets th\u00e9\u00e2traux, notamment au sein de la compagnie Les Passeurs Distraits. Elle d\u00e9couvre l\u2019improvisation th\u00e9\u00e2trale au Qu\u00e9bec en 2010 et, depuis son retour en France, elle compl\u00e8te sa formation via de nombreux ateliers et stages, multiplie les projets, les exp\u00e9riences, les rencontres et joue maintenant au sein de diff\u00e9rentes troupes et compagnies bordelaises.<br>Fid\u00e8le \u00e0 sa troupe d\u2019improvisation d\u2019origine, La Cig\u00fce, elle s\u2019y investit toujours en tant que com\u00e9dienne, arbitre, ma\u00eetresse de c\u00e9r\u00e9monie et formatrice. Depuis 2014, elle a int\u00e9gr\u00e9 deux compagnies d\u2019improvisation professionnelles qui se produisent r\u00e9guli\u00e8rement sur Bordeaux : La Marmaille et EnUNSeulMot ; ainsi qu\u2019un collectif d\u2019impro-BD, Le Mulet \u00e0 cinq pattes. En 2015, elle d\u00e9couvre les joies du th\u00e9\u00e2tre jeune public avec la compagnie Le Soleil dans la Nuit et participe aux tourn\u00e9es du spectacle \u00ab&nbsp;Marinette apprend la magie&nbsp;\u00bb. En 2016, elle co-fonde le Collectif Cliffhanger pour lequel elle participe \u00e0 la cr\u00e9ation de projets de th\u00e9\u00e2tre contemporain : \u00ab&nbsp;Pi\u00e8ge mortel&nbsp;\u00bb, \u00ab&nbsp;Les D\u00e9cisionnaires&nbsp;\u00bb et son seul-en-sc\u00e8ne \u00ab&nbsp;Cartable&nbsp;\u00bb.<\/p>\n\n\n\n<p class=\"has-text-align-left\" style=\"line-height:1.4\">Joue dans <em>Ulysse<\/em><\/p>\n\n\n\n<p><\/p>\n\n\n\n<figure class=\"wp-block-image size-full is-resized is-style-rounded\"><img loading=\"lazy\" decoding=\"async\" width=\"431\" height=\"431\" src=\"https:\/\/2024.groupe-anamorphose.com\/wp-content\/uploads\/2023\/12\/180284_304315976324540_1532261766_n-edited-1.jpg\" alt=\"\" class=\"wp-image-168\" style=\"width:180px\" srcset=\"https:\/\/2024.groupe-anamorphose.com\/wp-content\/uploads\/2023\/12\/180284_304315976324540_1532261766_n-edited-1.jpg 431w, https:\/\/2024.groupe-anamorphose.com\/wp-content\/uploads\/2023\/12\/180284_304315976324540_1532261766_n-edited-1-300x300.jpg 300w, https:\/\/2024.groupe-anamorphose.com\/wp-content\/uploads\/2023\/12\/180284_304315976324540_1532261766_n-edited-1-150x150.jpg 150w\" sizes=\"auto, (max-width: 431px) 100vw, 431px\" \/><\/figure>\n\n\n\n<h3 id=\"wp-block-themeisle-blocks-advanced-heading-864f2775\" class=\"wp-block-themeisle-blocks-advanced-heading wp-block-themeisle-blocks-advanced-heading-864f2775\">Limengo Benano-Melly&nbsp;<\/h3>\n\n\n\n<p><strong>COM\u00c9DIEN<\/strong><\/p>\n\n\n\n<p>&nbsp;<\/p>\n\n\n\n<p><\/p>\n\n\n\n<p style=\"line-height:1.4\">Com\u00e9dien depuis l&rsquo;\u00e2ge de 21 ans, il suit la formation de la classe d&rsquo;initiation au&nbsp;conservatoire de Bordeaux&nbsp;de 96 \u00e0 98. Puis il part faire une ann\u00e9e de formation \u00e0 l&rsquo;\u00e9cole internationale de th\u00e9\u00e2tre Jacques Lecoq (2001). En 2010 il se forme au clown avec le&nbsp;Bataclown&nbsp;et int\u00e8gre les Clowns St\u00e9thoscopes en 2012. Il y intervient en p\u00e9diatrie et en ehpad. Il joue \u00e9galement avec des compagnies de th\u00e9\u00e2tre bordelaise : une compagnie,&nbsp;<em>Les enfants du paradis<\/em>, le&nbsp;<em>Groupe Anamorphose<\/em>,&nbsp;<em>La bip, Mc2a, le glob th\u00e9\u00e2tre<\/em>&#8230; dans des cr\u00e9ations contemporaines, classiques, de l&rsquo;improvisation, des spectacles pour enfants ou de la com\u00e9die.<\/p>\n\n\n\n<p>Joue dans <em>Ali\u00e9nor exag\u00e8re !<\/em><\/p>\n<\/div>\n\n\n\n<div id=\"wp-block-themeisle-blocks-advanced-column-7e32a82b\" class=\"wp-block-themeisle-blocks-advanced-column\">\n<figure class=\"wp-block-image size-full is-resized is-style-rounded\"><img loading=\"lazy\" decoding=\"async\" width=\"443\" height=\"443\" class=\"wp-image-148\" style=\"object-fit: contain; width: 180px; height: 181px;\" src=\"https:\/\/2024.groupe-anamorphose.com\/wp-content\/uploads\/2023\/12\/pelagie_papillon_c_thierry_laporte_1hd-edited-1.jpg\" alt=\"\" srcset=\"https:\/\/2024.groupe-anamorphose.com\/wp-content\/uploads\/2023\/12\/pelagie_papillon_c_thierry_laporte_1hd-edited-1.jpg 443w, https:\/\/2024.groupe-anamorphose.com\/wp-content\/uploads\/2023\/12\/pelagie_papillon_c_thierry_laporte_1hd-edited-1-300x300.jpg 300w, https:\/\/2024.groupe-anamorphose.com\/wp-content\/uploads\/2023\/12\/pelagie_papillon_c_thierry_laporte_1hd-edited-1-150x150.jpg 150w\" sizes=\"auto, (max-width: 443px) 100vw, 443px\" \/><\/figure>\n\n\n\n<h3 id=\"wp-block-themeisle-blocks-advanced-heading-5cdd08a0\" class=\"wp-block-themeisle-blocks-advanced-heading wp-block-themeisle-blocks-advanced-heading-5cdd08a0\">P\u00e9lagie Papillon<\/h3>\n\n\n\n<p id=\"wp-block-themeisle-blocks-advanced-heading-a4688a0d\" class=\"wp-block-themeisle-blocks-advanced-heading wp-block-themeisle-blocks-advanced-heading-a4688a0d\"><strong>com\u00e9dienne<\/strong><\/p>\n\n\n\n<p class=\"has-text-align-left\" style=\"line-height:1.4\">Apr\u00e8s huit ann\u00e9es de travail th\u00e9\u00e2tral au sein de diff\u00e9rentes compagnies amateurs, de trois ann\u00e9es au lyc\u00e9e Montesquieu de Bordeaux en option th\u00e9\u00e2tre et de l\u2019obtention d\u2019un CAP Coiffure, P\u00e9lagie int\u00e8gre en 2011 la compagnie Prom\u00e9th\u00e9e, dirig\u00e9e par Luc Cognet. Durant cette m\u00eame ann\u00e9e, elle suit les cours du Cycle d\u2019Orientation Professionnelle au Conservatoire de Bordeaux Jacques Thibault jusqu\u2019en 2013. En septembre cette m\u00eame ann\u00e9e, elle int\u00e8gre l\u2019Acad\u00e9mie de l\u2019Union \u00e0 Limoges, sous la direction de Paul Golub, d\u2019o\u00f9 elle sort dipl\u00f4m\u00e9e en 2016. Elle travaille aujourd\u2019hui dans de nombreux projets \u00e0 Paris et en Limousin dont la compagnie La Sauvage, sur la pi\u00e8ce&nbsp;<em>Caprice<\/em>&nbsp;de Pierre Delye ainsi que sur le projet&nbsp;<em>Noces d\u2019enfants<\/em>, mise en sc\u00e8ne par H\u00e9l\u00e8ne Bertrand ; la compagnie Chant V, pour la pi\u00e8ce&nbsp;<em>Cages&nbsp;<\/em>de Stefano Massini, mise en sc\u00e8ne par Gloria Paris; la compagnie Le temps est incertain mais on joue quand m\u00eame, pour la pi\u00e8ce&nbsp;<em>Eug\u00e9nie Grandet ou l\u2019argent domine les lois, la politique et les moeurs&nbsp;<\/em>de Balzac, mise en sc\u00e8ne par Camille de la Guilloni\u00e8re ; la compagnie Th\u00e9\u00e2tre du Volcan Bleu, pour la pi\u00e8ce&nbsp;<em>Le Lilas Africain&nbsp;<\/em>de Pamela Gien, mise en sc\u00e8ne par Paul Golub; et la compagnie La Corde Verte, pour le projet&nbsp;<em>Par Nos Gr\u00e2ces<\/em>.<\/p>\n\n\n\n<p class=\"has-text-align-left\" style=\"line-height:1.4\">Joue dans <em>Alma<\/em><\/p>\n\n\n\n<figure class=\"wp-block-image size-full is-resized is-style-rounded\"><img loading=\"lazy\" decoding=\"async\" width=\"625\" height=\"625\" src=\"https:\/\/2024.groupe-anamorphose.com\/wp-content\/uploads\/2023\/12\/image0000001-edited.jpg\" alt=\"\" class=\"wp-image-175\" style=\"width:180px\" srcset=\"https:\/\/2024.groupe-anamorphose.com\/wp-content\/uploads\/2023\/12\/image0000001-edited.jpg 625w, https:\/\/2024.groupe-anamorphose.com\/wp-content\/uploads\/2023\/12\/image0000001-edited-300x300.jpg 300w, https:\/\/2024.groupe-anamorphose.com\/wp-content\/uploads\/2023\/12\/image0000001-edited-150x150.jpg 150w\" sizes=\"auto, (max-width: 625px) 100vw, 625px\" \/><\/figure>\n\n\n\n<h3 id=\"wp-block-themeisle-blocks-advanced-heading-786846be\" class=\"wp-block-themeisle-blocks-advanced-heading wp-block-themeisle-blocks-advanced-heading-786846be\">Hadrien Rouchard&nbsp;<\/h3>\n\n\n\n<p><strong><strong>COM\u00c9DIEN<\/strong><\/strong><\/p>\n\n\n\n<p><\/p>\n\n\n\n<p style=\"line-height:1.4\">Hadrien Rouchard&nbsp;est n\u00e9 en 1980. Form\u00e9 au Conservatoire d\u2019Art dramatique de Bordeaux , Hadrien participe \u00e0 plusieurs spectacles du Groupe Anamorphose (Le Cid, Ali\u00e9nor exag\u00e8re !, Le Cocu magnifique, Candide ou l\u2019optimisme, Peer Gynt). En parall\u00e8le, il travaille avec d\u2019autres compagnies (Apsaras, La Nuit venue, cie Tiberghien, Les enfants du paradis, La Petite Fabrique). Soucieux de transmettre et s\u2019interrogeant sur la place du com\u00e9dien dans la cit\u00e9, il donne de nombreux ateliers de pratique th\u00e9\u00e2trales. Depuis 4 ans, il est notamment intervenant au \u00ab Th\u00e9\u00e2tre du Nonchaloir \u00bb et responsable de l\u2019option th\u00e9\u00e2tre du lyc\u00e9e des Graves \u00e0 Gradignan.<\/p>\n\n\n\n<p style=\"line-height:1.4\">Joue dans <em>Ali\u00e9nor exag\u00e8re !<\/em><\/p>\n<\/div>\n\n\n\n<div id=\"wp-block-themeisle-blocks-advanced-column-47c7b5bd\" class=\"wp-block-themeisle-blocks-advanced-column\">\n<figure class=\"wp-block-image size-full is-resized is-style-rounded\"><img loading=\"lazy\" decoding=\"async\" width=\"278\" height=\"278\" src=\"https:\/\/2024.groupe-anamorphose.com\/wp-content\/uploads\/2023\/12\/f-98e-623a355937488-1-edited-1.jpg\" alt=\"\" class=\"wp-image-163\" style=\"width:180px\" srcset=\"https:\/\/2024.groupe-anamorphose.com\/wp-content\/uploads\/2023\/12\/f-98e-623a355937488-1-edited-1.jpg 278w, https:\/\/2024.groupe-anamorphose.com\/wp-content\/uploads\/2023\/12\/f-98e-623a355937488-1-edited-1-150x150.jpg 150w\" sizes=\"auto, (max-width: 278px) 100vw, 278px\" \/><\/figure>\n\n\n\n<h3 id=\"wp-block-themeisle-blocks-advanced-heading-d67c0dbf\" class=\"wp-block-themeisle-blocks-advanced-heading wp-block-themeisle-blocks-advanced-heading-d67c0dbf\">Sol\u00e8ne Arbel<\/h3>\n\n\n\n<p id=\"wp-block-themeisle-blocks-advanced-heading-ab27dee0\" class=\"wp-block-themeisle-blocks-advanced-heading wp-block-themeisle-blocks-advanced-heading-ab27dee0\"><strong>com\u00e9dienne<\/strong><\/p>\n\n\n\n<p class=\"has-text-align-left\" style=\"line-height:1.4\">Sol\u00e8ne Arbel \u00e9tudie le th\u00e9\u00e2tre au conservatoire de Bordeaux. Elle travaille avec plusieurs compagnies de la r\u00e9gion notamment avec la compagnie des Limbes (Romain Jarry), avec qui elle entretient une complicit\u00e9 artistique depuis 15 ans.&nbsp;<br>\u00c0 Paris, elle rencontre Daniel Jeanneteau et participe \u00e0 nombre de ses cr\u00e9ations&nbsp;:&nbsp;<em>Les Aveugles<\/em>&nbsp;de Maurice Maeterlinck,&nbsp;<em>La M\u00e9nagerie de verre<\/em>&nbsp;de Tennessee Williams et&nbsp;<em>Le reste vous le connaissez par le cinema<\/em>&nbsp;de Martin Crimp. Plusieurs films et performances avec des plasticiens comme Julien Cr\u00e9pieux, Herv\u00e9 Coqueret ou Christine Monlezun&#8230; \u2013 lui permettent d\u2019explorer d\u2019autres champs de repr\u00e9sentations. Elle collabore aux travaux du collectif De Quark depuis 2015, et a \u00e9t\u00e9 mise en sc\u00e8ne par Laurent Rogero, Gerard Watkins ou Gianni-Gr\u00e9gory Fornet.<\/p>\n\n\n\n<p class=\"has-text-align-left\" style=\"line-height:1.4\">Joue dans <em>Ali\u00e9nor exag\u00e8re !<\/em><\/p>\n\n\n\n<figure class=\"wp-block-image size-full is-resized is-style-rounded\"><img loading=\"lazy\" decoding=\"async\" width=\"873\" height=\"873\" src=\"https:\/\/2024.groupe-anamorphose.com\/wp-content\/uploads\/2023\/12\/Capture-decran-2023-12-15-a-17.47.03-edited.png\" alt=\"\" class=\"wp-image-185\" style=\"width:180px\" srcset=\"https:\/\/2024.groupe-anamorphose.com\/wp-content\/uploads\/2023\/12\/Capture-decran-2023-12-15-a-17.47.03-edited.png 873w, https:\/\/2024.groupe-anamorphose.com\/wp-content\/uploads\/2023\/12\/Capture-decran-2023-12-15-a-17.47.03-edited-300x300.png 300w, https:\/\/2024.groupe-anamorphose.com\/wp-content\/uploads\/2023\/12\/Capture-decran-2023-12-15-a-17.47.03-edited-150x150.png 150w, https:\/\/2024.groupe-anamorphose.com\/wp-content\/uploads\/2023\/12\/Capture-decran-2023-12-15-a-17.47.03-edited-768x768.png 768w\" sizes=\"auto, (max-width: 873px) 100vw, 873px\" \/><\/figure>\n\n\n\n<h3 id=\"wp-block-themeisle-blocks-advanced-heading-7579f4fe\" class=\"wp-block-themeisle-blocks-advanced-heading wp-block-themeisle-blocks-advanced-heading-7579f4fe\">Julie Lacoue-Labarthe&nbsp;<\/h3>\n\n\n\n<p><strong>ADMINISTRATION<\/strong><\/p>\n\n\n\n<p>Elle s&rsquo;occupe de l&rsquo;administration de la compagnie depuis 2002. <\/p>\n\n\n\n<figure class=\"wp-block-image size-full is-resized is-style-rounded\"><img loading=\"lazy\" decoding=\"async\" width=\"1387\" height=\"1387\" src=\"https:\/\/2024.groupe-anamorphose.com\/wp-content\/uploads\/2023\/12\/IMG_3695-edited.jpg\" alt=\"\" class=\"wp-image-197\" style=\"width:180px\" srcset=\"https:\/\/2024.groupe-anamorphose.com\/wp-content\/uploads\/2023\/12\/IMG_3695-edited.jpg 1387w, https:\/\/2024.groupe-anamorphose.com\/wp-content\/uploads\/2023\/12\/IMG_3695-edited-300x300.jpg 300w, https:\/\/2024.groupe-anamorphose.com\/wp-content\/uploads\/2023\/12\/IMG_3695-edited-1024x1024.jpg 1024w, https:\/\/2024.groupe-anamorphose.com\/wp-content\/uploads\/2023\/12\/IMG_3695-edited-150x150.jpg 150w, https:\/\/2024.groupe-anamorphose.com\/wp-content\/uploads\/2023\/12\/IMG_3695-edited-768x768.jpg 768w\" sizes=\"auto, (max-width: 1387px) 100vw, 1387px\" \/><\/figure>\n\n\n\n<h3 id=\"wp-block-themeisle-blocks-advanced-heading-2b374442\" class=\"wp-block-themeisle-blocks-advanced-heading wp-block-themeisle-blocks-advanced-heading-2b374442\">Laurie Arrecgros<\/h3>\n\n\n\n<p><strong>TOURNEES<\/strong><\/p>\n\n\n\n<p>Apr\u00e8s un master II en Arts du spectacle et un IUT Gestion de l\u2019action Culturelle elle a rejoint la compagnie en 2007 pour diffuser les spectacles.<\/p>\n<\/div>\n<\/div><\/div>\n<\/div>\n<\/div><\/div>\n\n\n\n<p><\/p>\n\n\n\n<div id=\"wp-block-themeisle-blocks-advanced-columns-b67d4198\" class=\"wp-block-themeisle-blocks-advanced-columns has-4-columns has-desktop-equal-layout has-tablet-equal-layout has-mobile-collapsedRows-layout has-vertical-unset\"><div class=\"wp-block-themeisle-blocks-advanced-columns-overlay\"><\/div><div class=\"innerblocks-wrap\">\n<div id=\"wp-block-themeisle-blocks-advanced-column-cad325b2\" class=\"wp-block-themeisle-blocks-advanced-column\"><\/div>\n\n\n\n<div id=\"wp-block-themeisle-blocks-advanced-column-2947184c\" class=\"wp-block-themeisle-blocks-advanced-column\"><\/div>\n\n\n\n<div id=\"wp-block-themeisle-blocks-advanced-column-14a46bf5\" class=\"wp-block-themeisle-blocks-advanced-column\"><\/div>\n\n\n\n<div id=\"wp-block-themeisle-blocks-advanced-column-b97a84ab\" class=\"wp-block-themeisle-blocks-advanced-column\"><\/div>\n<\/div><\/div>\n","protected":false},"excerpt":{"rendered":"","protected":false},"author":1,"featured_media":0,"parent":0,"menu_order":0,"comment_status":"closed","ping_status":"closed","template":"","meta":{"_themeisle_gutenberg_block_has_review":false,"footnotes":""},"class_list":["post-23","page","type-page","status-publish","hentry"],"_links":{"self":[{"href":"https:\/\/2024.groupe-anamorphose.com\/index.php?rest_route=\/wp\/v2\/pages\/23","targetHints":{"allow":["GET"]}}],"collection":[{"href":"https:\/\/2024.groupe-anamorphose.com\/index.php?rest_route=\/wp\/v2\/pages"}],"about":[{"href":"https:\/\/2024.groupe-anamorphose.com\/index.php?rest_route=\/wp\/v2\/types\/page"}],"author":[{"embeddable":true,"href":"https:\/\/2024.groupe-anamorphose.com\/index.php?rest_route=\/wp\/v2\/users\/1"}],"replies":[{"embeddable":true,"href":"https:\/\/2024.groupe-anamorphose.com\/index.php?rest_route=%2Fwp%2Fv2%2Fcomments&post=23"}],"version-history":[{"count":10,"href":"https:\/\/2024.groupe-anamorphose.com\/index.php?rest_route=\/wp\/v2\/pages\/23\/revisions"}],"predecessor-version":[{"id":500,"href":"https:\/\/2024.groupe-anamorphose.com\/index.php?rest_route=\/wp\/v2\/pages\/23\/revisions\/500"}],"wp:attachment":[{"href":"https:\/\/2024.groupe-anamorphose.com\/index.php?rest_route=%2Fwp%2Fv2%2Fmedia&parent=23"}],"curies":[{"name":"wp","href":"https:\/\/api.w.org\/{rel}","templated":true}]}}