{"id":65,"date":"2023-03-20T10:14:25","date_gmt":"2023-03-20T09:14:25","guid":{"rendered":"https:\/\/groupeanamorphose.local\/?page_id=65"},"modified":"2023-12-20T17:41:17","modified_gmt":"2023-12-20T16:41:17","slug":"contactez-nous","status":"publish","type":"page","link":"https:\/\/2024.groupe-anamorphose.com\/?page_id=65","title":{"rendered":"Contactez-nous"},"content":{"rendered":"\n<div id=\"wp-block-themeisle-blocks-form-3fe53e3a\" class=\"wp-block-themeisle-blocks-form\" data-option-name=\"c2eb8bd854e208da2f71112e4c77e4f3b4dc3c84_3fe53e3a\"><form class=\"otter-form__container\">\n<div id=\"wp-block-themeisle-blocks-form-input-5010d649\" class=\"wp-block-themeisle-blocks-form-input\"><label for=\"wp-block-themeisle-blocks-form-input-5010d649-input\" class=\"otter-form-input-label\"><span class=\"otter-form-input-label__label\">Nom<\/span><span class=\"required\">*<\/span><\/label><input type=\"text\" id=\"wp-block-themeisle-blocks-form-input-5010d649-input\" required class=\"otter-form-input\"\/><\/div>\n\n\n\n<div id=\"wp-block-themeisle-blocks-form-input-7bd18cee\" class=\"wp-block-themeisle-blocks-form-input\"><label for=\"wp-block-themeisle-blocks-form-input-7bd18cee-input\" class=\"otter-form-input-label\"><span class=\"otter-form-input-label__label\">Email<\/span><span class=\"required\">*<\/span><\/label><input type=\"email\" id=\"wp-block-themeisle-blocks-form-input-7bd18cee-input\" required class=\"otter-form-input\"\/><\/div>\n\n\n<div class=\"protection\"><input type=\"hidden\" id=\"wp-block-themeisle-blocks-form-3fe53e3a_nonce_field\" name=\"wp-block-themeisle-blocks-form-3fe53e3a_nonce_field\" value=\"d5ae6378ec\" \/><input type=\"hidden\" name=\"_wp_http_referer\" value=\"\/index.php?rest_route=%2Fwp%2Fv2%2Fpages%2F65\" \/><\/div>\n\n\n<div id=\"wp-block-themeisle-blocks-form-textarea-e14c3dc0\" class=\"wp-block-themeisle-blocks-form-textarea\"><label for=\"wp-block-themeisle-blocks-form-textarea-e14c3dc0-input\" class=\"otter-form-textarea-label\"><span class=\"otter-form-textarea-label__label\">Message<\/span><\/label><textarea id=\"wp-block-themeisle-blocks-form-textarea-e14c3dc0-input\" rows=\"10\" class=\"otter-form-textarea-input\"><\/textarea><\/div>\n\n\n\n<p class=\"has-extra-small-font-size\">Vous acceptez d&rsquo;\u00eatre recontact\u00e9 par notre \u00e9quipe.<\/p>\n<div class=\"wp-block-button\"><button class=\"wp-block-button__link\" type=\"submit\">Envoyer<\/button><\/div><\/form><\/div>\n","protected":false},"excerpt":{"rendered":"","protected":false},"author":2,"featured_media":0,"parent":0,"menu_order":0,"comment_status":"closed","ping_status":"closed","template":"","meta":{"_themeisle_gutenberg_block_has_review":false,"footnotes":""},"class_list":["post-65","page","type-page","status-publish","hentry"],"_links":{"self":[{"href":"https:\/\/2024.groupe-anamorphose.com\/index.php?rest_route=\/wp\/v2\/pages\/65","targetHints":{"allow":["GET"]}}],"collection":[{"href":"https:\/\/2024.groupe-anamorphose.com\/index.php?rest_route=\/wp\/v2\/pages"}],"about":[{"href":"https:\/\/2024.groupe-anamorphose.com\/index.php?rest_route=\/wp\/v2\/types\/page"}],"author":[{"embeddable":true,"href":"https:\/\/2024.groupe-anamorphose.com\/index.php?rest_route=\/wp\/v2\/users\/2"}],"replies":[{"embeddable":true,"href":"https:\/\/2024.groupe-anamorphose.com\/index.php?rest_route=%2Fwp%2Fv2%2Fcomments&post=65"}],"version-history":[{"count":2,"href":"https:\/\/2024.groupe-anamorphose.com\/index.php?rest_route=\/wp\/v2\/pages\/65\/revisions"}],"predecessor-version":[{"id":258,"href":"https:\/\/2024.groupe-anamorphose.com\/index.php?rest_route=\/wp\/v2\/pages\/65\/revisions\/258"}],"wp:attachment":[{"href":"https:\/\/2024.groupe-anamorphose.com\/index.php?rest_route=%2Fwp%2Fv2%2Fmedia&parent=65"}],"curies":[{"name":"wp","href":"https:\/\/api.w.org\/{rel}","templated":true}]}}